{"id":14798,"date":"2022-04-15T18:20:16","date_gmt":"2022-04-15T16:20:16","guid":{"rendered":"http:\/\/ladietabicyclette.fr\/?page_id=14798"},"modified":"2025-09-29T12:14:21","modified_gmt":"2025-09-29T10:14:21","slug":"mes-specialites","status":"publish","type":"page","link":"https:\/\/ladietabicyclette.fr\/?page_id=14798","title":{"rendered":"Mes sp\u00e9cialit\u00e9s"},"content":{"rendered":"\n<div class=\"wp-block-cover alignfull is-light\" style=\"min-height:500px\"><span aria-hidden=\"true\" class=\"has-background-dim-0 wp-block-cover__gradient-background has-background-dim\"><\/span><img loading=\"lazy\" width=\"4000\" height=\"1219\" class=\"wp-block-cover__image-background wp-image-14835\" alt=\"\" src=\"http:\/\/ladietabicyclette.fr\/wp-content\/uploads\/2022\/04\/messpecialites-la-diet-a-bicyclette-nantes-01-1.png\" data-object-fit=\"cover\" srcset=\"https:\/\/ladietabicyclette.fr\/wp-content\/uploads\/2022\/04\/messpecialites-la-diet-a-bicyclette-nantes-01-1.png 4000w, https:\/\/ladietabicyclette.fr\/wp-content\/uploads\/2022\/04\/messpecialites-la-diet-a-bicyclette-nantes-01-1-300x91.png 300w, https:\/\/ladietabicyclette.fr\/wp-content\/uploads\/2022\/04\/messpecialites-la-diet-a-bicyclette-nantes-01-1-1024x312.png 1024w, https:\/\/ladietabicyclette.fr\/wp-content\/uploads\/2022\/04\/messpecialites-la-diet-a-bicyclette-nantes-01-1-768x234.png 768w, https:\/\/ladietabicyclette.fr\/wp-content\/uploads\/2022\/04\/messpecialites-la-diet-a-bicyclette-nantes-01-1-1536x468.png 1536w, https:\/\/ladietabicyclette.fr\/wp-content\/uploads\/2022\/04\/messpecialites-la-diet-a-bicyclette-nantes-01-1-2048x624.png 2048w, https:\/\/ladietabicyclette.fr\/wp-content\/uploads\/2022\/04\/messpecialites-la-diet-a-bicyclette-nantes-01-1-1568x478.png 1568w, https:\/\/ladietabicyclette.fr\/wp-content\/uploads\/2022\/04\/messpecialites-la-diet-a-bicyclette-nantes-01-1-600x183.png 600w\" sizes=\"(max-width: 4000px) 100vw, 4000px\" \/><div class=\"wp-block-cover__inner-container\">\n<p class=\"has-text-align-center has-text-color\" style=\"color:#bb6b5f;font-size:23px;font-style:normal;font-weight:800\">La di\u00e9t\u00e9tique est loin d\u2019\u00eatre un m\u00e9tier qui n\u2019est d\u00e9di\u00e9 qu\u2019\u00e0 la perte de poids, <strong>voici les sp\u00e9cialit\u00e9s que je rencontre le plus en consultation<\/strong>.<\/p>\n<\/div><\/div>\n\n\n\n<div style=\"height:50px\" aria-hidden=\"true\" class=\"wp-block-spacer\"><\/div>\n\n\n\n<div class=\"wp-block-media-text alignwide has-media-on-the-right is-stacked-on-mobile is-style-default\" style=\"grid-template-columns:auto 45%\"><figure class=\"wp-block-media-text__media\"><img loading=\"lazy\" width=\"1000\" height=\"667\" src=\"http:\/\/ladietabicyclette.fr\/wp-content\/uploads\/2022\/04\/tca-la-diet-a-bicyclette-dietetiecienne-nantes.jpg\" alt=\"\" class=\"wp-image-14942 size-full\" srcset=\"https:\/\/ladietabicyclette.fr\/wp-content\/uploads\/2022\/04\/tca-la-diet-a-bicyclette-dietetiecienne-nantes.jpg 1000w, https:\/\/ladietabicyclette.fr\/wp-content\/uploads\/2022\/04\/tca-la-diet-a-bicyclette-dietetiecienne-nantes-300x200.jpg 300w, https:\/\/ladietabicyclette.fr\/wp-content\/uploads\/2022\/04\/tca-la-diet-a-bicyclette-dietetiecienne-nantes-768x512.jpg 768w, https:\/\/ladietabicyclette.fr\/wp-content\/uploads\/2022\/04\/tca-la-diet-a-bicyclette-dietetiecienne-nantes-600x400.jpg 600w\" sizes=\"(max-width: 1000px) 100vw, 1000px\" \/><\/figure><div class=\"wp-block-media-text__content\">\n<h2 style=\"font-size:30px\">Troubles des conduites alimentaires<\/h2>\n\n\n\n<p><strong>Se soigner pour \u00eatre plus en paix.<\/strong><\/p>\n\n\n\n<p>Anorexie, Boulimie, Hyperphagie <\/p>\n\n\n\n<p>Je suis form\u00e9e \u00e0 la prise en charge des TCA et je suis r\u00e9guli\u00e8rement supervis\u00e9e. <\/p>\n\n\n\n<p>Les TCA, et tout particuli\u00e8rement l\u2019anorexie mentale, doivent \u00eatre suivis par une \u00e9quipe de soignants <strong><em>form\u00e9s<\/em><\/strong> \u00e0 cette prise en charge (m\u00e9decin, psychiatre, psychologue). Mon accompagnement vient en compl\u00e9ment d\u2019un <strong>suivi m\u00e9dical<\/strong>.<\/p>\n<\/div><\/div>\n\n\n\n<div class=\"wp-block-media-text alignwide is-stacked-on-mobile is-style-default\" style=\"grid-template-columns:45% auto\"><figure class=\"wp-block-media-text__media\"><img loading=\"lazy\" width=\"1000\" height=\"667\" src=\"http:\/\/ladietabicyclette.fr\/wp-content\/uploads\/2022\/04\/rapport-complexe-corps-alimentation-la-diet-a-bicyclette-dietetiecienne-nantes.jpg\" alt=\"\" class=\"wp-image-14936 size-full\" srcset=\"https:\/\/ladietabicyclette.fr\/wp-content\/uploads\/2022\/04\/rapport-complexe-corps-alimentation-la-diet-a-bicyclette-dietetiecienne-nantes.jpg 1000w, https:\/\/ladietabicyclette.fr\/wp-content\/uploads\/2022\/04\/rapport-complexe-corps-alimentation-la-diet-a-bicyclette-dietetiecienne-nantes-300x200.jpg 300w, https:\/\/ladietabicyclette.fr\/wp-content\/uploads\/2022\/04\/rapport-complexe-corps-alimentation-la-diet-a-bicyclette-dietetiecienne-nantes-768x512.jpg 768w, https:\/\/ladietabicyclette.fr\/wp-content\/uploads\/2022\/04\/rapport-complexe-corps-alimentation-la-diet-a-bicyclette-dietetiecienne-nantes-600x400.jpg 600w\" sizes=\"(max-width: 1000px) 100vw, 1000px\" \/><\/figure><div class=\"wp-block-media-text__content\">\n<h2 style=\"font-size:30px\">Rapport complexe au corps et l&rsquo;alimentation<\/h2>\n\n\n\n<p><strong>Le coeur, la t\u00eate &amp; le ventre.<\/strong><\/p>\n\n\n\n<p>Convaincue par l\u2019indispensable prise en compte de l\u2019aspect psycho \u00e9motionnel je me suis&nbsp; form\u00e9e \u00e0 l\u2019ACT (Th\u00e9rapie d\u2019Acceptation et d\u2019engagement dans le contexte alimentaire).<\/p>\n\n\n\n<p>En bref cette m\u00e9thode permet l\u2019apprentissage d\u2019une nouvelle fa\u00e7on de vivre avec nos pens\u00e9es et nos ressentis difficiles pour s&rsquo;engager dans une vie plus en coh\u00e9rence avec ce qui compte profond\u00e9ment.<\/p>\n<\/div><\/div>\n\n\n\n<div class=\"wp-block-media-text alignwide has-media-on-the-right is-stacked-on-mobile is-style-default\" style=\"grid-template-columns:auto 45%\"><figure class=\"wp-block-media-text__media\"><img loading=\"lazy\" width=\"1000\" height=\"668\" src=\"http:\/\/ladietabicyclette.fr\/wp-content\/uploads\/2022\/04\/perte-prise-poids-la-diet-a-bicyclette-dietetiecienne-nantes.jpg\" alt=\"\" class=\"wp-image-14938 size-full\" srcset=\"https:\/\/ladietabicyclette.fr\/wp-content\/uploads\/2022\/04\/perte-prise-poids-la-diet-a-bicyclette-dietetiecienne-nantes.jpg 1000w, https:\/\/ladietabicyclette.fr\/wp-content\/uploads\/2022\/04\/perte-prise-poids-la-diet-a-bicyclette-dietetiecienne-nantes-300x200.jpg 300w, https:\/\/ladietabicyclette.fr\/wp-content\/uploads\/2022\/04\/perte-prise-poids-la-diet-a-bicyclette-dietetiecienne-nantes-768x513.jpg 768w, https:\/\/ladietabicyclette.fr\/wp-content\/uploads\/2022\/04\/perte-prise-poids-la-diet-a-bicyclette-dietetiecienne-nantes-600x401.jpg 600w\" sizes=\"(max-width: 1000px) 100vw, 1000px\" \/><\/figure><div class=\"wp-block-media-text__content\">\n<h2 style=\"font-size:30px\">Apprendre \u00e0 g\u00e9rer son poids<\/h2>\n\n\n\n<p><strong>SANS R\u00c9GIME<\/strong> <\/p>\n\n\n\n<p>L\u2019analyse nutritionnelle de vos repas, vos comportements alimentaires, vos habitudes, vos sensibilit\u00e9s, votre rythme et vos \u00e9tats \u00e9motionnels sont autant de points \u00e0 prendre en consid\u00e9ration. R\u00e9apprendre \u00e0 manger n\u2019est pas une simple histoire de calorie.<\/p>\n<\/div><\/div>\n\n\n\n<div class=\"wp-block-media-text alignwide is-stacked-on-mobile is-style-default\" style=\"grid-template-columns:45% auto\"><figure class=\"wp-block-media-text__media\"><img loading=\"lazy\" width=\"1000\" height=\"667\" src=\"http:\/\/ladietabicyclette.fr\/wp-content\/uploads\/2022\/04\/grossesse-la-diet-a-bicyclette-dietetiecienne-nantes.jpg\" alt=\"\" class=\"wp-image-14935 size-full\" srcset=\"https:\/\/ladietabicyclette.fr\/wp-content\/uploads\/2022\/04\/grossesse-la-diet-a-bicyclette-dietetiecienne-nantes.jpg 1000w, https:\/\/ladietabicyclette.fr\/wp-content\/uploads\/2022\/04\/grossesse-la-diet-a-bicyclette-dietetiecienne-nantes-300x200.jpg 300w, https:\/\/ladietabicyclette.fr\/wp-content\/uploads\/2022\/04\/grossesse-la-diet-a-bicyclette-dietetiecienne-nantes-768x512.jpg 768w, https:\/\/ladietabicyclette.fr\/wp-content\/uploads\/2022\/04\/grossesse-la-diet-a-bicyclette-dietetiecienne-nantes-600x400.jpg 600w\" sizes=\"(max-width: 1000px) 100vw, 1000px\" \/><\/figure><div class=\"wp-block-media-text__content\">\n<h2 style=\"font-size:30px\">Grossesse et maternit\u00e9<\/h2>\n\n\n\n<p><strong>La grossesse, ce tsunami corporel o\u00f9 l\u2019on cohabite \u00e0 deux.<\/strong><\/p>\n\n\n\n<p>Les changements corporelles, les contraintes alimentaires, les besoins de la m\u00e8re et du b\u00e9b\u00e9,les pathologies pouvant \u00eatre associ\u00e9es \u00e0 la grossesse ( ou pr\u00e9existantes), autant de questionnement qui peuvent n\u00e9cessiter un accompagnement di\u00e9t\u00e9tique.<\/p>\n\n\n\n<p><strong>La maternit\u00e9, ce bonheur intense mais qui n\u2019est pas toujours un long fleuve tranquille.&nbsp;<\/strong><\/p>\n\n\n\n<p>La p\u00e9riode post-partum (le mois d\u2019or), l\u2019allaitement, le corps qui peut avoir chang\u00e9, le manque de temps pour soi, la fatigue\u2026 Prendre soin de soi pendant cette p\u00e9riode passe aussi par l\u2019alimentation.<\/p>\n<\/div><\/div>\n\n\n\n<div class=\"wp-block-media-text alignwide has-media-on-the-right is-stacked-on-mobile is-style-default\" style=\"grid-template-columns:auto 45%\"><figure class=\"wp-block-media-text__media\"><img loading=\"lazy\" width=\"570\" height=\"380\" src=\"http:\/\/ladietabicyclette.fr\/wp-content\/uploads\/2025\/09\/personne-en-fauteuil.jpg\" alt=\"blessures M\u00e9dullaires\" class=\"wp-image-15108 size-full\" srcset=\"https:\/\/ladietabicyclette.fr\/wp-content\/uploads\/2025\/09\/personne-en-fauteuil.jpg 570w, https:\/\/ladietabicyclette.fr\/wp-content\/uploads\/2025\/09\/personne-en-fauteuil-300x200.jpg 300w\" sizes=\"(max-width: 570px) 100vw, 570px\" \/><\/figure><div class=\"wp-block-media-text__content\">\n<h2 style=\"font-size:30px\">Blessures m\u00e9dullaires et amputations<\/h2>\n\n\n\n<p><strong>Un corps transform\u00e9, une vie \u00e0 r\u00e9inventer.<\/strong><\/p>\n\n\n\n<p>Apr\u00e8s une l\u00e9sion m\u00e9dullaire (para, t\u00e9trapl\u00e9gique) ou une amputation, le rapport au corps et \u00e0 l\u2019alimentation change profond\u00e9ment. M\u00e9tabolisme ralenti, nouveaux besoins nutritionnels, habitudes bouscul\u00e9es, perception de soi et du corps \u00e0 red\u00e9finir\u2026 autant de d\u00e9fis qui n\u00e9cessitent un accompagnement sp\u00e9cifique.<\/p>\n\n\n\n<p><strong>L\u2019alimentation devient alors un alli\u00e9 essentiel.<\/strong><br>Elle peut aider \u00e0 retrouver de l\u2019\u00e9nergie, pr\u00e9venir les complications, r\u00e9tablir un \u00e9quilibre, mais aussi accompagner la reconstruction d\u2019une relation plus apais\u00e9e et confiante avec son corps.<\/p>\n\n\n\n<p>C\u2019est dans cette d\u00e9marche que j\u2019interviens, notamment aupr\u00e8s de l\u2019association <em>Comme les autres<\/em> : pour vous guider vers une alimentation adapt\u00e9e, vivante et soutenante, au service de votre sant\u00e9 et de votre quotidien.<\/p>\n<\/div><\/div>\n\n\n\n<div class=\"wp-block-media-text alignwide is-stacked-on-mobile is-style-default\" style=\"grid-template-columns:45% auto\"><figure class=\"wp-block-media-text__media\"><img loading=\"lazy\" width=\"1000\" height=\"667\" src=\"http:\/\/ladietabicyclette.fr\/wp-content\/uploads\/2022\/04\/adolescence-la-diet-a-bicyclette-dietetiecienne-nantes.jpeg\" alt=\"\" class=\"wp-image-14934 size-full\" srcset=\"https:\/\/ladietabicyclette.fr\/wp-content\/uploads\/2022\/04\/adolescence-la-diet-a-bicyclette-dietetiecienne-nantes.jpeg 1000w, https:\/\/ladietabicyclette.fr\/wp-content\/uploads\/2022\/04\/adolescence-la-diet-a-bicyclette-dietetiecienne-nantes-300x200.jpeg 300w, https:\/\/ladietabicyclette.fr\/wp-content\/uploads\/2022\/04\/adolescence-la-diet-a-bicyclette-dietetiecienne-nantes-768x512.jpeg 768w, https:\/\/ladietabicyclette.fr\/wp-content\/uploads\/2022\/04\/adolescence-la-diet-a-bicyclette-dietetiecienne-nantes-600x400.jpeg 600w\" sizes=\"(max-width: 1000px) 100vw, 1000px\" \/><\/figure><div class=\"wp-block-media-text__content\">\n<h2 style=\"font-size:30px\">De l&rsquo;enfance \u00e0 l&rsquo;adolescence<\/h2>\n\n\n\n<p><strong>Les choix alimentaires de vos enfants, la pubert\u00e9, les troubles de l\u2019alimentation<\/strong><\/p>\n\n\n\n<p>Vos enfants peuvent choisirent de devenir vegans ou v\u00e9g\u00e9tariens, d\u00e9velopper un complexe corporel entrainant un comportement alimentaire probl\u00e9matique. Il se peut \u00e9galement qu\u2019il y ait un passif familial autour de l\u2019alimentation et que vous souhaitiez l\u2019intervention d\u2019une personne tierce pour l\u2019\u00e9voquer avec votre enfant. Je propose \u00e9galement des ateliers en famille, sous forme de jeux, pour d\u00e9bloquer certaines situation et mieux se comprendre.<\/p>\n<\/div><\/div>\n\n\n\n<div class=\"wp-block-media-text alignwide has-media-on-the-right is-stacked-on-mobile is-style-default\" style=\"grid-template-columns:auto 45%\"><figure class=\"wp-block-media-text__media\"><img loading=\"lazy\" width=\"801\" height=\"562\" src=\"http:\/\/ladietabicyclette.fr\/wp-content\/uploads\/2022\/04\/vegan-vegetarisme-la-diet-a-bibyclette-nantes.jpg\" alt=\"\" class=\"wp-image-14940 size-full\" srcset=\"https:\/\/ladietabicyclette.fr\/wp-content\/uploads\/2022\/04\/vegan-vegetarisme-la-diet-a-bibyclette-nantes.jpg 801w, https:\/\/ladietabicyclette.fr\/wp-content\/uploads\/2022\/04\/vegan-vegetarisme-la-diet-a-bibyclette-nantes-300x210.jpg 300w, https:\/\/ladietabicyclette.fr\/wp-content\/uploads\/2022\/04\/vegan-vegetarisme-la-diet-a-bibyclette-nantes-768x539.jpg 768w, https:\/\/ladietabicyclette.fr\/wp-content\/uploads\/2022\/04\/vegan-vegetarisme-la-diet-a-bibyclette-nantes-600x421.jpg 600w\" sizes=\"(max-width: 801px) 100vw, 801px\" \/><\/figure><div class=\"wp-block-media-text__content\">\n<h2 style=\"font-size:30px\">V\u00e9g\u00e9tarisme &amp; v\u00e9ganisme<\/h2>\n\n\n\n<p><strong>\u00c9quilibre alimentaire et besoins des v\u00e9g\u00e9tarien(ne)s et des Vegans :<\/strong><\/p>\n\n\n\n<p>Ce choix alimentaire entraine de grands changements dans nos habitudes. Je vous accompagne cette transitions afin de veillez \u00e0 ce que vos apports en micro nutriment soit couverts. Devenir v\u00e9g\u00e9tarien ou vegan, ce n\u2019est pas que supprimer des aliments, c\u2019est \u00e9galement s\u2019ouvrir \u00e0 un grand champs des possibles.<\/p>\n\n\n\n<p>Cette valeur peut apparaitre tr\u00e8s t\u00f4t. En consultation je re\u00e7ois aussi des enfants qui ont choisis de ne plus manger d\u2019animaux.<\/p>\n<\/div><\/div>\n\n\n\n<div class=\"wp-block-media-text alignwide is-stacked-on-mobile is-style-default\" style=\"grid-template-columns:45% auto\"><figure class=\"wp-block-media-text__media\"><img loading=\"lazy\" width=\"1000\" height=\"667\" src=\"http:\/\/ladietabicyclette.fr\/wp-content\/uploads\/2022\/04\/troubles-hormonaux-la-diet-a-bicyclette-nantes.jpg\" alt=\"\" class=\"wp-image-14944 size-full\" srcset=\"https:\/\/ladietabicyclette.fr\/wp-content\/uploads\/2022\/04\/troubles-hormonaux-la-diet-a-bicyclette-nantes.jpg 1000w, https:\/\/ladietabicyclette.fr\/wp-content\/uploads\/2022\/04\/troubles-hormonaux-la-diet-a-bicyclette-nantes-300x200.jpg 300w, https:\/\/ladietabicyclette.fr\/wp-content\/uploads\/2022\/04\/troubles-hormonaux-la-diet-a-bicyclette-nantes-768x512.jpg 768w, https:\/\/ladietabicyclette.fr\/wp-content\/uploads\/2022\/04\/troubles-hormonaux-la-diet-a-bicyclette-nantes-600x400.jpg 600w\" sizes=\"(max-width: 1000px) 100vw, 1000px\" \/><\/figure><div class=\"wp-block-media-text__content\">\n<h2 style=\"font-size:30px\">Troubles hormonaux<\/h2>\n\n\n\n<p><strong>Les pathologies hormonales et la di\u00e9t\u00e9tique<\/strong><\/p>\n\n\n\n<p>Thyro\u00efde, endom\u00e9triose, syndrome des ovaires polykistiques, am\u00e9norrh\u00e9, dysm\u00e9norrh\u00e9s \u2026.<\/p>\n\n\n\n<p>Un suivi di\u00e9t\u00e9tique visant \u00e0 am\u00e9liorer le mode de vie peut \u00eatre un vrai soutien lorsque l\u2019on est atteint d\u2019un d\u00e9r\u00e8glement hormonal.<\/p>\n\n\n\n<p><\/p>\n<\/div><\/div>\n\n\n\n<div class=\"wp-block-media-text alignwide has-media-on-the-right is-stacked-on-mobile is-style-default\" style=\"grid-template-columns:auto 45%\"><figure class=\"wp-block-media-text__media\"><img loading=\"lazy\" width=\"1000\" height=\"667\" src=\"http:\/\/ladietabicyclette.fr\/wp-content\/uploads\/2022\/04\/oncologie-la-diet-a-bicyclette-dietetiecienne-nantes.jpg\" alt=\"\" class=\"wp-image-14941 size-full\" srcset=\"https:\/\/ladietabicyclette.fr\/wp-content\/uploads\/2022\/04\/oncologie-la-diet-a-bicyclette-dietetiecienne-nantes.jpg 1000w, https:\/\/ladietabicyclette.fr\/wp-content\/uploads\/2022\/04\/oncologie-la-diet-a-bicyclette-dietetiecienne-nantes-300x200.jpg 300w, https:\/\/ladietabicyclette.fr\/wp-content\/uploads\/2022\/04\/oncologie-la-diet-a-bicyclette-dietetiecienne-nantes-768x512.jpg 768w, https:\/\/ladietabicyclette.fr\/wp-content\/uploads\/2022\/04\/oncologie-la-diet-a-bicyclette-dietetiecienne-nantes-600x400.jpg 600w\" sizes=\"(max-width: 1000px) 100vw, 1000px\" \/><\/figure><div class=\"wp-block-media-text__content\">\n<h2 style=\"font-size:30px\">Oncologie<\/h2>\n\n\n\n<p><strong>Form\u00e9e par la ligue contre le cancer &#8211; PROXILOGUE Nantes<\/strong><\/p>\n\n\n\n<p>Pr\u00e9vention, consultations aux domiciles lors des traitements, r\u00e9mission.&nbsp;Je rappelle qu\u2019il n\u2019y a pas d\u2019aliment miracle, mais une d\u00e9marche globale et scientifique.<\/p>\n\n\n\n<p>40% des cancers sont li\u00e9s \u00e0 notre mode de vie \u00e0 nos comportements. Avec la lutte contre le tabac, la nutrition est le domaine o\u00f9 nous pouvons le plus r\u00e9duire nos risques de cancer.<\/p>\n\n\n\n<p><\/p>\n<\/div><\/div>\n\n\n\n<div style=\"height:50px\" aria-hidden=\"true\" class=\"wp-block-spacer\"><\/div>\n\n\n\n<div class=\"wp-block-cover alignfull is-light\" style=\"min-height:317px\"><span aria-hidden=\"true\" class=\"has-background-dim-100 wp-block-cover__gradient-background has-background-dim\" style=\"background-color:#b66b5f\"><\/span><div class=\"wp-block-cover__inner-container\">\n<p class=\"has-text-align-center has-large-font-size\" style=\"font-style:normal;font-weight:800\">Vous souhaitez \u00e9changer en toute bienveillance autour de votre probl\u00e9matique ?<\/p>\n\n\n\n<div class=\"wp-container-1 wp-block-buttons\">\n<div class=\"wp-block-button is-style-outline\"><a class=\"wp-block-button__link has-white-color has-text-color\" href=\"https:\/\/www.doctolib.fr\/dieteticien\/nantes\/adele-geslin\" target=\"_blank\" rel=\"noreferrer noopener\">Prendre rendez-vous<\/a><\/div>\n<\/div>\n<\/div><\/div>\n\n\n\n<div style=\"height:50px\" aria-hidden=\"true\" class=\"wp-block-spacer\"><\/div>\n\n\n\n<div class=\"wp-block-cover alignfull\"><span aria-hidden=\"true\" class=\"has-gray-background-color has-background-dim-100 wp-block-cover__gradient-background has-background-dim\"><\/span><div class=\"wp-block-cover__inner-container\">\n<p class=\"has-text-align-center has-large-font-size\"><\/p>\n\n\n\n<div class=\"wp-block-image\"><figure class=\"aligncenter size-full is-resized\"><img loading=\"lazy\" src=\"http:\/\/ladietabicyclette.fr\/wp-content\/uploads\/2022\/04\/logo-blanc-f-1-1.png\" alt=\"\" class=\"wp-image-14784\" width=\"247\" height=\"214\" srcset=\"https:\/\/ladietabicyclette.fr\/wp-content\/uploads\/2022\/04\/logo-blanc-f-1-1.png 504w, https:\/\/ladietabicyclette.fr\/wp-content\/uploads\/2022\/04\/logo-blanc-f-1-1-300x260.png 300w\" sizes=\"(max-width: 247px) 100vw, 247px\" \/><\/figure><\/div>\n\n\n\n<p class=\"has-text-align-center\">La diet \u00e0 bicyclette 2022&nbsp;| All Rights Reserved<\/p>\n\n\n\n<ul class=\"wp-container-2 wp-block-social-links aligncenter has-large-icon-size has-icon-color is-style-logos-only\"><li style=\"color: #FFFFFF; \" class=\"wp-social-link wp-social-link-instagram wp-block-social-link\"><a href=\"https:\/\/www.instagram.com\/ladietabicyclette\/\" aria-label=\"Instagram\u00a0: https:\/\/www.instagram.com\/ladietabicyclette\/\"  class=\"wp-block-social-link-anchor\"> <svg width=\"24\" height=\"24\" viewBox=\"0 0 24 24\" version=\"1.1\" xmlns=\"http:\/\/www.w3.org\/2000\/svg\" role=\"img\" aria-hidden=\"true\" focusable=\"false\"><path d=\"M12,4.622c2.403,0,2.688,0.009,3.637,0.052c0.877,0.04,1.354,0.187,1.671,0.31c0.42,0.163,0.72,0.358,1.035,0.673 c0.315,0.315,0.51,0.615,0.673,1.035c0.123,0.317,0.27,0.794,0.31,1.671c0.043,0.949,0.052,1.234,0.052,3.637 s-0.009,2.688-0.052,3.637c-0.04,0.877-0.187,1.354-0.31,1.671c-0.163,0.42-0.358,0.72-0.673,1.035 c-0.315,0.315-0.615,0.51-1.035,0.673c-0.317,0.123-0.794,0.27-1.671,0.31c-0.949,0.043-1.233,0.052-3.637,0.052 s-2.688-0.009-3.637-0.052c-0.877-0.04-1.354-0.187-1.671-0.31c-0.42-0.163-0.72-0.358-1.035-0.673 c-0.315-0.315-0.51-0.615-0.673-1.035c-0.123-0.317-0.27-0.794-0.31-1.671C4.631,14.688,4.622,14.403,4.622,12 s0.009-2.688,0.052-3.637c0.04-0.877,0.187-1.354,0.31-1.671c0.163-0.42,0.358-0.72,0.673-1.035 c0.315-0.315,0.615-0.51,1.035-0.673c0.317-0.123,0.794-0.27,1.671-0.31C9.312,4.631,9.597,4.622,12,4.622 M12,3 C9.556,3,9.249,3.01,8.289,3.054C7.331,3.098,6.677,3.25,6.105,3.472C5.513,3.702,5.011,4.01,4.511,4.511 c-0.5,0.5-0.808,1.002-1.038,1.594C3.25,6.677,3.098,7.331,3.054,8.289C3.01,9.249,3,9.556,3,12c0,2.444,0.01,2.751,0.054,3.711 c0.044,0.958,0.196,1.612,0.418,2.185c0.23,0.592,0.538,1.094,1.038,1.594c0.5,0.5,1.002,0.808,1.594,1.038 c0.572,0.222,1.227,0.375,2.185,0.418C9.249,20.99,9.556,21,12,21s2.751-0.01,3.711-0.054c0.958-0.044,1.612-0.196,2.185-0.418 c0.592-0.23,1.094-0.538,1.594-1.038c0.5-0.5,0.808-1.002,1.038-1.594c0.222-0.572,0.375-1.227,0.418-2.185 C20.99,14.751,21,14.444,21,12s-0.01-2.751-0.054-3.711c-0.044-0.958-0.196-1.612-0.418-2.185c-0.23-0.592-0.538-1.094-1.038-1.594 c-0.5-0.5-1.002-0.808-1.594-1.038c-0.572-0.222-1.227-0.375-2.185-0.418C14.751,3.01,14.444,3,12,3L12,3z M12,7.378 c-2.552,0-4.622,2.069-4.622,4.622S9.448,16.622,12,16.622s4.622-2.069,4.622-4.622S14.552,7.378,12,7.378z M12,15 c-1.657,0-3-1.343-3-3s1.343-3,3-3s3,1.343,3,3S13.657,15,12,15z M16.804,6.116c-0.596,0-1.08,0.484-1.08,1.08 s0.484,1.08,1.08,1.08c0.596,0,1.08-0.484,1.08-1.08S17.401,6.116,16.804,6.116z\"><\/path><\/svg><\/a><\/li>\n\n<li style=\"color: #FFFFFF; \" class=\"wp-social-link wp-social-link-youtube wp-block-social-link\"><a href=\"https:\/\/www.youtube.com\/channel\/UCRljEBG3dnwDLLxy7Y5AfLw\" aria-label=\"YouTube\u00a0: https:\/\/www.youtube.com\/channel\/UCRljEBG3dnwDLLxy7Y5AfLw\"  class=\"wp-block-social-link-anchor\"> <svg width=\"24\" height=\"24\" viewBox=\"0 0 24 24\" version=\"1.1\" xmlns=\"http:\/\/www.w3.org\/2000\/svg\" role=\"img\" aria-hidden=\"true\" focusable=\"false\"><path d=\"M21.8,8.001c0,0-0.195-1.378-0.795-1.985c-0.76-0.797-1.613-0.801-2.004-0.847c-2.799-0.202-6.997-0.202-6.997-0.202 h-0.009c0,0-4.198,0-6.997,0.202C4.608,5.216,3.756,5.22,2.995,6.016C2.395,6.623,2.2,8.001,2.2,8.001S2,9.62,2,11.238v1.517 c0,1.618,0.2,3.237,0.2,3.237s0.195,1.378,0.795,1.985c0.761,0.797,1.76,0.771,2.205,0.855c1.6,0.153,6.8,0.201,6.8,0.201 s4.203-0.006,7.001-0.209c0.391-0.047,1.243-0.051,2.004-0.847c0.6-0.607,0.795-1.985,0.795-1.985s0.2-1.618,0.2-3.237v-1.517 C22,9.62,21.8,8.001,21.8,8.001z M9.935,14.594l-0.001-5.62l5.404,2.82L9.935,14.594z\"><\/path><\/svg><\/a><\/li><\/ul>\n<\/div><\/div>\n","protected":false},"excerpt":{"rendered":"<p>Troubles des conduites alimentaires Se soigner pour \u00eatre plus en paix. Anorexie, Boulimie, Hyperphagie Je suis form\u00e9e \u00e0 la prise en charge des TCA et je suis r\u00e9guli\u00e8rement supervis\u00e9e. Les TCA, et tout particuli\u00e8rement l\u2019anorexie mentale, doivent \u00eatre suivis par une \u00e9quipe de soignants form\u00e9s \u00e0 cette prise en charge (m\u00e9decin, psychiatre, psychologue). Mon accompagnement&hellip; <a class=\"more-link\" href=\"https:\/\/ladietabicyclette.fr\/?page_id=14798\">Poursuivre la lecture <span class=\"screen-reader-text\">Mes sp\u00e9cialit\u00e9s<\/span><\/a><\/p>\n","protected":false},"author":4,"featured_media":0,"parent":0,"menu_order":0,"comment_status":"closed","ping_status":"closed","template":"","meta":{"spay_email":""},"_links":{"self":[{"href":"https:\/\/ladietabicyclette.fr\/index.php?rest_route=\/wp\/v2\/pages\/14798"}],"collection":[{"href":"https:\/\/ladietabicyclette.fr\/index.php?rest_route=\/wp\/v2\/pages"}],"about":[{"href":"https:\/\/ladietabicyclette.fr\/index.php?rest_route=\/wp\/v2\/types\/page"}],"author":[{"embeddable":true,"href":"https:\/\/ladietabicyclette.fr\/index.php?rest_route=\/wp\/v2\/users\/4"}],"replies":[{"embeddable":true,"href":"https:\/\/ladietabicyclette.fr\/index.php?rest_route=%2Fwp%2Fv2%2Fcomments&post=14798"}],"version-history":[{"count":19,"href":"https:\/\/ladietabicyclette.fr\/index.php?rest_route=\/wp\/v2\/pages\/14798\/revisions"}],"predecessor-version":[{"id":15111,"href":"https:\/\/ladietabicyclette.fr\/index.php?rest_route=\/wp\/v2\/pages\/14798\/revisions\/15111"}],"wp:attachment":[{"href":"https:\/\/ladietabicyclette.fr\/index.php?rest_route=%2Fwp%2Fv2%2Fmedia&parent=14798"}],"curies":[{"name":"wp","href":"https:\/\/api.w.org\/{rel}","templated":true}]}}