{"id":14809,"date":"2022-04-15T18:57:31","date_gmt":"2022-04-15T16:57:31","guid":{"rendered":"http:\/\/ladietabicyclette.fr\/?page_id=14809"},"modified":"2024-03-28T17:41:00","modified_gmt":"2024-03-28T16:41:00","slug":"vos-attentes","status":"publish","type":"page","link":"https:\/\/ladietabicyclette.fr\/?page_id=14809","title":{"rendered":"Vos attentes"},"content":{"rendered":"\n<div class=\"wp-block-cover alignfull is-light\" style=\"min-height:457px\"><span aria-hidden=\"true\" class=\"has-white-background-color has-background-dim-0 wp-block-cover__gradient-background has-background-dim\"><\/span><img loading=\"lazy\" width=\"3000\" height=\"961\" class=\"wp-block-cover__image-background wp-image-14898\" alt=\"\" src=\"http:\/\/ladietabicyclette.fr\/wp-content\/uploads\/2022\/04\/vos-attentes-la-diet-a-bicyclette-nantes-1.png\" data-object-fit=\"cover\" srcset=\"https:\/\/ladietabicyclette.fr\/wp-content\/uploads\/2022\/04\/vos-attentes-la-diet-a-bicyclette-nantes-1.png 3000w, https:\/\/ladietabicyclette.fr\/wp-content\/uploads\/2022\/04\/vos-attentes-la-diet-a-bicyclette-nantes-1-300x96.png 300w, https:\/\/ladietabicyclette.fr\/wp-content\/uploads\/2022\/04\/vos-attentes-la-diet-a-bicyclette-nantes-1-1024x328.png 1024w, https:\/\/ladietabicyclette.fr\/wp-content\/uploads\/2022\/04\/vos-attentes-la-diet-a-bicyclette-nantes-1-768x246.png 768w, https:\/\/ladietabicyclette.fr\/wp-content\/uploads\/2022\/04\/vos-attentes-la-diet-a-bicyclette-nantes-1-1536x492.png 1536w, https:\/\/ladietabicyclette.fr\/wp-content\/uploads\/2022\/04\/vos-attentes-la-diet-a-bicyclette-nantes-1-2048x656.png 2048w, https:\/\/ladietabicyclette.fr\/wp-content\/uploads\/2022\/04\/vos-attentes-la-diet-a-bicyclette-nantes-1-1568x502.png 1568w, https:\/\/ladietabicyclette.fr\/wp-content\/uploads\/2022\/04\/vos-attentes-la-diet-a-bicyclette-nantes-1-600x192.png 600w\" sizes=\"(max-width: 3000px) 100vw, 3000px\" \/><div class=\"wp-block-cover__inner-container\">\n<p class=\"has-text-align-center\" style=\"font-size:23px;font-style:normal;font-weight:800\">Chacun de vous est unique,<strong> vos probl\u00e9matiques alimentaires le sont aussi<\/strong>. Mon objectif \u00e0 moi, c\u2019est de vous accompagner. <strong>Et vous, quel est votre objectif?<\/strong><\/p>\n<\/div><\/div>\n\n\n\n<div class=\"wp-block-columns\">\n<div class=\"wp-block-column\">\n<div class=\"wp-block-image\"><figure class=\"aligncenter size-full is-resized\"><img loading=\"lazy\" src=\"http:\/\/ladietabicyclette.fr\/wp-content\/uploads\/2022\/05\/IMG-3766.jpg\" alt=\"\" class=\"wp-image-14981\" width=\"204\" height=\"194\"\/><\/figure><\/div>\n\n\n\n<p class=\"has-text-align-center has-large-font-size\">G\u00e9rer son poids avec bienveillance<\/p>\n<\/div>\n\n\n\n<div class=\"wp-block-column\">\n<div class=\"wp-block-image\"><figure class=\"aligncenter size-large is-resized\"><img loading=\"lazy\" src=\"http:\/\/ladietabicyclette.fr\/wp-content\/uploads\/2022\/05\/IMG-3772-1024x845.jpg\" alt=\"\" class=\"wp-image-14982\" width=\"213\" height=\"177\" srcset=\"https:\/\/ladietabicyclette.fr\/wp-content\/uploads\/2022\/05\/IMG-3772-1024x845.jpg 1024w, https:\/\/ladietabicyclette.fr\/wp-content\/uploads\/2022\/05\/IMG-3772-768x633.jpg 768w, https:\/\/ladietabicyclette.fr\/wp-content\/uploads\/2022\/05\/IMG-3772-1536x1267.jpg 1536w, https:\/\/ladietabicyclette.fr\/wp-content\/uploads\/2022\/05\/IMG-3772-1568x1293.jpg 1568w, https:\/\/ladietabicyclette.fr\/wp-content\/uploads\/2022\/05\/IMG-3772-600x495.jpg 600w, https:\/\/ladietabicyclette.fr\/wp-content\/uploads\/2022\/05\/IMG-3772.jpg 2048w\" sizes=\"(max-width: 213px) 100vw, 213px\" \/><\/figure><\/div>\n\n\n\n<p class=\"has-text-align-center has-large-font-size\">Adapter mon alimentation \u00e0 un nouveau challenge ou choix : sportif, arr\u00eat du tabac, v\u00e9ganisme\u2026<\/p>\n<\/div>\n<\/div>\n\n\n\n<div class=\"wp-block-columns\">\n<div class=\"wp-block-column\">\n<div class=\"wp-block-image\"><figure class=\"aligncenter size-large is-resized\"><img loading=\"lazy\" src=\"http:\/\/ladietabicyclette.fr\/wp-content\/uploads\/2022\/05\/IMG-3773-1024x1021.jpg\" alt=\"\" class=\"wp-image-14983\" width=\"195\" height=\"193\" srcset=\"https:\/\/ladietabicyclette.fr\/wp-content\/uploads\/2022\/05\/IMG-3773-1024x1021.jpg 1024w, https:\/\/ladietabicyclette.fr\/wp-content\/uploads\/2022\/05\/IMG-3773-768x766.jpg 768w, https:\/\/ladietabicyclette.fr\/wp-content\/uploads\/2022\/05\/IMG-3773-1536x1531.jpg 1536w, https:\/\/ladietabicyclette.fr\/wp-content\/uploads\/2022\/05\/IMG-3773-1568x1563.jpg 1568w, https:\/\/ladietabicyclette.fr\/wp-content\/uploads\/2022\/05\/IMG-3773-600x598.jpg 600w, https:\/\/ladietabicyclette.fr\/wp-content\/uploads\/2022\/05\/IMG-3773-100x100.jpg 100w, https:\/\/ladietabicyclette.fr\/wp-content\/uploads\/2022\/05\/IMG-3773.jpg 2046w\" sizes=\"(max-width: 195px) 100vw, 195px\" \/><\/figure><\/div>\n\n\n\n<p class=\"has-text-align-center has-large-font-size\">(re)Trouver un rapport sain avec la nourriture et mon corps<\/p>\n<\/div>\n\n\n\n<div class=\"wp-block-column\">\n<div class=\"wp-block-image\"><figure class=\"aligncenter size-large is-resized\"><img loading=\"lazy\" src=\"http:\/\/ladietabicyclette.fr\/wp-content\/uploads\/2022\/05\/IMG-3768-841x1024.jpg\" alt=\"\" class=\"wp-image-14984\" width=\"159\" height=\"192\"\/><\/figure><\/div>\n\n\n\n<p class=\"has-text-align-center has-large-font-size\">Trouver une alimentation qui correspond \u00e0 mes valeurs et \u00e0 mon rythme de vie<\/p>\n<\/div>\n<\/div>\n\n\n\n<div class=\"wp-block-columns\">\n<div class=\"wp-block-column\">\n<figure class=\"wp-block-image size-large\"><img loading=\"lazy\" width=\"1024\" height=\"1024\" src=\"http:\/\/ladietabicyclette.fr\/wp-content\/uploads\/2022\/05\/image_6483441-2-1-1024x1024.jpg\" alt=\"\" class=\"wp-image-14985\" srcset=\"https:\/\/ladietabicyclette.fr\/wp-content\/uploads\/2022\/05\/image_6483441-2-1-1024x1024.jpg 1024w, https:\/\/ladietabicyclette.fr\/wp-content\/uploads\/2022\/05\/image_6483441-2-1-300x300.jpg 300w, https:\/\/ladietabicyclette.fr\/wp-content\/uploads\/2022\/05\/image_6483441-2-1-150x150.jpg 150w, https:\/\/ladietabicyclette.fr\/wp-content\/uploads\/2022\/05\/image_6483441-2-1-768x768.jpg 768w, https:\/\/ladietabicyclette.fr\/wp-content\/uploads\/2022\/05\/image_6483441-2-1-1536x1536.jpg 1536w, https:\/\/ladietabicyclette.fr\/wp-content\/uploads\/2022\/05\/image_6483441-2-1.jpg 2048w, https:\/\/ladietabicyclette.fr\/wp-content\/uploads\/2022\/05\/image_6483441-2-1-1568x1568.jpg 1568w, https:\/\/ladietabicyclette.fr\/wp-content\/uploads\/2022\/05\/image_6483441-2-1-450x450.jpg 450w, https:\/\/ladietabicyclette.fr\/wp-content\/uploads\/2022\/05\/image_6483441-2-1-600x600.jpg 600w, https:\/\/ladietabicyclette.fr\/wp-content\/uploads\/2022\/05\/image_6483441-2-1-100x100.jpg 100w\" sizes=\"(max-width: 1024px) 100vw, 1024px\" \/><\/figure>\n\n\n\n<p class=\"has-text-align-center has-large-font-size\">Avoir des conseils pendant ma<strong> <\/strong>grossesse, l\u2019allaitement et pour l\u2019alimentation de mes bambins<\/p>\n<\/div>\n\n\n\n<div class=\"wp-block-column\">\n<div class=\"wp-block-image\"><figure class=\"aligncenter size-full is-resized\"><img loading=\"lazy\" src=\"http:\/\/ladietabicyclette.fr\/wp-content\/uploads\/2022\/04\/pathologie-01.png\" alt=\"\" class=\"wp-image-14906\" width=\"152\" height=\"267\"\/><\/figure><\/div>\n\n\n\n<p class=\"has-text-align-center has-large-font-size\">Avoir des conseils nutritionnels adapt\u00e9s \u00e0 ma pathologie, intol\u00e9rance ou allergie<\/p>\n<\/div>\n<\/div>\n\n\n\n<p><br><\/p>\n\n\n\n<div style=\"height:50px\" aria-hidden=\"true\" class=\"wp-block-spacer\"><\/div>\n\n\n\n<div class=\"wp-block-cover alignfull is-light\" style=\"min-height:241px\"><span aria-hidden=\"true\" class=\"has-background-dim-100 wp-block-cover__gradient-background has-background-dim\" style=\"background-color:#b0bbae\"><\/span><div class=\"wp-block-cover__inner-container\">\n<p><\/p>\n\n\n\n<p class=\"has-text-align-center has-large-font-size\" style=\"font-style:normal;font-weight:800\">Manger : par d\u00e9finition c\u2019est m\u00e2cher et avaler un aliment&#8230;<br>&#8230;Mais, on sait bien&nbsp; que c\u2019est tellement plus que \u00e7a !<\/p>\n\n\n\n<div class=\"wp-container-1 wp-block-buttons\">\n<div class=\"wp-block-button is-style-outline\"><a class=\"wp-block-button__link has-white-color has-text-color\" href=\"https:\/\/www.doctolib.fr\/dieteticien\/nantes\/adele-geslin\">Prendre rendez-vous<\/a><\/div>\n<\/div>\n\n\n\n<p class=\"has-text-align-center has-large-font-size\"><strong> <\/strong><\/p>\n<\/div><\/div>\n\n\n\n<div style=\"height:50px\" aria-hidden=\"true\" class=\"wp-block-spacer\"><\/div>\n\n\n\n<div class=\"wp-block-cover alignfull\"><span aria-hidden=\"true\" class=\"has-gray-background-color has-background-dim-100 wp-block-cover__gradient-background has-background-dim\"><\/span><div class=\"wp-block-cover__inner-container\">\n<p class=\"has-text-align-center has-large-font-size\"><\/p>\n\n\n\n<div class=\"wp-block-image\"><figure class=\"aligncenter size-full is-resized\"><img loading=\"lazy\" src=\"http:\/\/ladietabicyclette.fr\/wp-content\/uploads\/2022\/04\/logo-blanc-f-1-1.png\" alt=\"\" class=\"wp-image-14784\" width=\"247\" height=\"214\" srcset=\"https:\/\/ladietabicyclette.fr\/wp-content\/uploads\/2022\/04\/logo-blanc-f-1-1.png 504w, https:\/\/ladietabicyclette.fr\/wp-content\/uploads\/2022\/04\/logo-blanc-f-1-1-300x260.png 300w\" sizes=\"(max-width: 247px) 100vw, 247px\" \/><\/figure><\/div>\n\n\n\n<p class=\"has-text-align-center\">La diet \u00e0 bicyclette 2022&nbsp;| All Rights Reserved<\/p>\n\n\n\n<ul class=\"wp-container-2 wp-block-social-links aligncenter has-large-icon-size has-icon-color is-style-logos-only\"><li style=\"color: #FFFFFF; \" class=\"wp-social-link wp-social-link-instagram wp-block-social-link\"><a href=\"https:\/\/www.instagram.com\/ladietabicyclette\/\" aria-label=\"Instagram\u00a0: https:\/\/www.instagram.com\/ladietabicyclette\/\"  class=\"wp-block-social-link-anchor\"> <svg width=\"24\" height=\"24\" viewBox=\"0 0 24 24\" version=\"1.1\" xmlns=\"http:\/\/www.w3.org\/2000\/svg\" role=\"img\" aria-hidden=\"true\" focusable=\"false\"><path d=\"M12,4.622c2.403,0,2.688,0.009,3.637,0.052c0.877,0.04,1.354,0.187,1.671,0.31c0.42,0.163,0.72,0.358,1.035,0.673 c0.315,0.315,0.51,0.615,0.673,1.035c0.123,0.317,0.27,0.794,0.31,1.671c0.043,0.949,0.052,1.234,0.052,3.637 s-0.009,2.688-0.052,3.637c-0.04,0.877-0.187,1.354-0.31,1.671c-0.163,0.42-0.358,0.72-0.673,1.035 c-0.315,0.315-0.615,0.51-1.035,0.673c-0.317,0.123-0.794,0.27-1.671,0.31c-0.949,0.043-1.233,0.052-3.637,0.052 s-2.688-0.009-3.637-0.052c-0.877-0.04-1.354-0.187-1.671-0.31c-0.42-0.163-0.72-0.358-1.035-0.673 c-0.315-0.315-0.51-0.615-0.673-1.035c-0.123-0.317-0.27-0.794-0.31-1.671C4.631,14.688,4.622,14.403,4.622,12 s0.009-2.688,0.052-3.637c0.04-0.877,0.187-1.354,0.31-1.671c0.163-0.42,0.358-0.72,0.673-1.035 c0.315-0.315,0.615-0.51,1.035-0.673c0.317-0.123,0.794-0.27,1.671-0.31C9.312,4.631,9.597,4.622,12,4.622 M12,3 C9.556,3,9.249,3.01,8.289,3.054C7.331,3.098,6.677,3.25,6.105,3.472C5.513,3.702,5.011,4.01,4.511,4.511 c-0.5,0.5-0.808,1.002-1.038,1.594C3.25,6.677,3.098,7.331,3.054,8.289C3.01,9.249,3,9.556,3,12c0,2.444,0.01,2.751,0.054,3.711 c0.044,0.958,0.196,1.612,0.418,2.185c0.23,0.592,0.538,1.094,1.038,1.594c0.5,0.5,1.002,0.808,1.594,1.038 c0.572,0.222,1.227,0.375,2.185,0.418C9.249,20.99,9.556,21,12,21s2.751-0.01,3.711-0.054c0.958-0.044,1.612-0.196,2.185-0.418 c0.592-0.23,1.094-0.538,1.594-1.038c0.5-0.5,0.808-1.002,1.038-1.594c0.222-0.572,0.375-1.227,0.418-2.185 C20.99,14.751,21,14.444,21,12s-0.01-2.751-0.054-3.711c-0.044-0.958-0.196-1.612-0.418-2.185c-0.23-0.592-0.538-1.094-1.038-1.594 c-0.5-0.5-1.002-0.808-1.594-1.038c-0.572-0.222-1.227-0.375-2.185-0.418C14.751,3.01,14.444,3,12,3L12,3z M12,7.378 c-2.552,0-4.622,2.069-4.622,4.622S9.448,16.622,12,16.622s4.622-2.069,4.622-4.622S14.552,7.378,12,7.378z M12,15 c-1.657,0-3-1.343-3-3s1.343-3,3-3s3,1.343,3,3S13.657,15,12,15z M16.804,6.116c-0.596,0-1.08,0.484-1.08,1.08 s0.484,1.08,1.08,1.08c0.596,0,1.08-0.484,1.08-1.08S17.401,6.116,16.804,6.116z\"><\/path><\/svg><\/a><\/li>\n\n<li style=\"color: #FFFFFF; \" class=\"wp-social-link wp-social-link-youtube wp-block-social-link\"><a href=\"https:\/\/www.youtube.com\/channel\/UCRljEBG3dnwDLLxy7Y5AfLw\" aria-label=\"YouTube\u00a0: https:\/\/www.youtube.com\/channel\/UCRljEBG3dnwDLLxy7Y5AfLw\"  class=\"wp-block-social-link-anchor\"> <svg width=\"24\" height=\"24\" viewBox=\"0 0 24 24\" version=\"1.1\" xmlns=\"http:\/\/www.w3.org\/2000\/svg\" role=\"img\" aria-hidden=\"true\" focusable=\"false\"><path d=\"M21.8,8.001c0,0-0.195-1.378-0.795-1.985c-0.76-0.797-1.613-0.801-2.004-0.847c-2.799-0.202-6.997-0.202-6.997-0.202 h-0.009c0,0-4.198,0-6.997,0.202C4.608,5.216,3.756,5.22,2.995,6.016C2.395,6.623,2.2,8.001,2.2,8.001S2,9.62,2,11.238v1.517 c0,1.618,0.2,3.237,0.2,3.237s0.195,1.378,0.795,1.985c0.761,0.797,1.76,0.771,2.205,0.855c1.6,0.153,6.8,0.201,6.8,0.201 s4.203-0.006,7.001-0.209c0.391-0.047,1.243-0.051,2.004-0.847c0.6-0.607,0.795-1.985,0.795-1.985s0.2-1.618,0.2-3.237v-1.517 C22,9.62,21.8,8.001,21.8,8.001z M9.935,14.594l-0.001-5.62l5.404,2.82L9.935,14.594z\"><\/path><\/svg><\/a><\/li><\/ul>\n<\/div><\/div>\n","protected":false},"excerpt":{"rendered":"<p>G\u00e9rer son poids avec bienveillance Adapter mon alimentation \u00e0 un nouveau challenge ou choix : sportif, arr\u00eat du tabac, v\u00e9ganisme\u2026 (re)Trouver un rapport sain avec la nourriture et mon corps Trouver une alimentation qui correspond \u00e0 mes valeurs et \u00e0 mon rythme de vie Avoir des conseils pendant ma grossesse, l\u2019allaitement et pour l\u2019alimentation de&hellip; <a class=\"more-link\" href=\"https:\/\/ladietabicyclette.fr\/?page_id=14809\">Poursuivre la lecture <span class=\"screen-reader-text\">Vos attentes<\/span><\/a><\/p>\n","protected":false},"author":4,"featured_media":0,"parent":0,"menu_order":0,"comment_status":"closed","ping_status":"closed","template":"","meta":{"spay_email":""},"_links":{"self":[{"href":"https:\/\/ladietabicyclette.fr\/index.php?rest_route=\/wp\/v2\/pages\/14809"}],"collection":[{"href":"https:\/\/ladietabicyclette.fr\/index.php?rest_route=\/wp\/v2\/pages"}],"about":[{"href":"https:\/\/ladietabicyclette.fr\/index.php?rest_route=\/wp\/v2\/types\/page"}],"author":[{"embeddable":true,"href":"https:\/\/ladietabicyclette.fr\/index.php?rest_route=\/wp\/v2\/users\/4"}],"replies":[{"embeddable":true,"href":"https:\/\/ladietabicyclette.fr\/index.php?rest_route=%2Fwp%2Fv2%2Fcomments&post=14809"}],"version-history":[{"count":11,"href":"https:\/\/ladietabicyclette.fr\/index.php?rest_route=\/wp\/v2\/pages\/14809\/revisions"}],"predecessor-version":[{"id":15083,"href":"https:\/\/ladietabicyclette.fr\/index.php?rest_route=\/wp\/v2\/pages\/14809\/revisions\/15083"}],"wp:attachment":[{"href":"https:\/\/ladietabicyclette.fr\/index.php?rest_route=%2Fwp%2Fv2%2Fmedia&parent=14809"}],"curies":[{"name":"wp","href":"https:\/\/api.w.org\/{rel}","templated":true}]}}