{"id":14865,"date":"2022-04-19T16:06:11","date_gmt":"2022-04-19T14:06:11","guid":{"rendered":"http:\/\/ladietabicyclette.fr\/?page_id=14865"},"modified":"2026-03-17T10:25:57","modified_gmt":"2026-03-17T09:25:57","slug":"infos-pratiques","status":"publish","type":"page","link":"https:\/\/ladietabicyclette.fr\/?page_id=14865","title":{"rendered":"Infos pratiques"},"content":{"rendered":"\n<div class=\"wp-block-cover alignfull is-light\"><span aria-hidden=\"true\" class=\"has-background-dim-0 wp-block-cover__gradient-background has-background-dim\"><\/span><img loading=\"lazy\" width=\"2000\" height=\"837\" class=\"wp-block-cover__image-background wp-image-14866\" alt=\"\" src=\"http:\/\/ladietabicyclette.fr\/wp-content\/uploads\/2022\/04\/infos-pratiques-la-diet-a-bicyclette-nantes.png\" data-object-fit=\"cover\" srcset=\"https:\/\/ladietabicyclette.fr\/wp-content\/uploads\/2022\/04\/infos-pratiques-la-diet-a-bicyclette-nantes.png 2000w, https:\/\/ladietabicyclette.fr\/wp-content\/uploads\/2022\/04\/infos-pratiques-la-diet-a-bicyclette-nantes-300x126.png 300w, https:\/\/ladietabicyclette.fr\/wp-content\/uploads\/2022\/04\/infos-pratiques-la-diet-a-bicyclette-nantes-1024x429.png 1024w, https:\/\/ladietabicyclette.fr\/wp-content\/uploads\/2022\/04\/infos-pratiques-la-diet-a-bicyclette-nantes-768x321.png 768w, https:\/\/ladietabicyclette.fr\/wp-content\/uploads\/2022\/04\/infos-pratiques-la-diet-a-bicyclette-nantes-1536x643.png 1536w, https:\/\/ladietabicyclette.fr\/wp-content\/uploads\/2022\/04\/infos-pratiques-la-diet-a-bicyclette-nantes-1568x656.png 1568w, https:\/\/ladietabicyclette.fr\/wp-content\/uploads\/2022\/04\/infos-pratiques-la-diet-a-bicyclette-nantes-600x251.png 600w\" sizes=\"(max-width: 2000px) 100vw, 2000px\" \/><div class=\"wp-block-cover__inner-container\">\n<p class=\"has-text-align-center has-large-font-size\"><\/p>\n<\/div><\/div>\n\n\n\n<h2 style=\"font-size:25px\">Mes cabinets<\/h2>\n\n\n\n<p><\/p>\n\n\n\n<p><strong>Cabinet situ\u00e9 au 35 rue des hauts pav\u00e9s, 44000 Nantes<\/strong><\/p>\n\n\n\n<p>lundi (9h30-16h30), mardi (9h30-19h30) , jeudi (9h30-18h30) et vendredi (10h \u00e0 20h), samedi (8h \u00e0 14h)<\/p>\n\n\n\n<figure class=\"wp-block-image size-full\"><img loading=\"lazy\" width=\"748\" height=\"566\" src=\"https:\/\/ladietabicyclette.fr\/wp-content\/uploads\/2026\/03\/Capture-decran-2026-03-17-100916.png\" alt=\"\" class=\"wp-image-15114\" srcset=\"https:\/\/ladietabicyclette.fr\/wp-content\/uploads\/2026\/03\/Capture-decran-2026-03-17-100916.png 748w, https:\/\/ladietabicyclette.fr\/wp-content\/uploads\/2026\/03\/Capture-decran-2026-03-17-100916-300x227.png 300w, https:\/\/ladietabicyclette.fr\/wp-content\/uploads\/2026\/03\/Capture-decran-2026-03-17-100916-600x454.png 600w\" sizes=\"(max-width: 748px) 100vw, 748px\" \/><\/figure>\n\n\n\n<div class=\"wp-container-1 wp-block-buttons\">\n<div class=\"wp-block-button\"><a class=\"wp-block-button__link has-background\" href=\"http:\/\/ladietabicyclette.fr\/?page_id=14821\" style=\"background-color:#b66b5f\" target=\"_blank\" rel=\"noreferrer noopener\">Consulter les tarifs<\/a><\/div>\n<\/div>\n\n\n\n<div style=\"height:40px\" aria-hidden=\"true\" class=\"wp-block-spacer\"><\/div>\n\n\n\n<p><\/p>\n\n\n\n<div class=\"wp-block-cover alignfull\"><span aria-hidden=\"true\" class=\"has-gray-background-color has-background-dim-100 wp-block-cover__gradient-background has-background-dim\"><\/span><div class=\"wp-block-cover__inner-container\">\n<p class=\"has-text-align-center has-large-font-size\"><\/p>\n\n\n\n<div class=\"wp-block-image\"><figure class=\"aligncenter size-full is-resized\"><img loading=\"lazy\" src=\"http:\/\/ladietabicyclette.fr\/wp-content\/uploads\/2022\/04\/logo-blanc-f-1-1.png\" alt=\"\" class=\"wp-image-14784\" width=\"247\" height=\"214\" srcset=\"https:\/\/ladietabicyclette.fr\/wp-content\/uploads\/2022\/04\/logo-blanc-f-1-1.png 504w, https:\/\/ladietabicyclette.fr\/wp-content\/uploads\/2022\/04\/logo-blanc-f-1-1-300x260.png 300w\" sizes=\"(max-width: 247px) 100vw, 247px\" \/><\/figure><\/div>\n\n\n\n<p class=\"has-text-align-center\">La diet \u00e0 bicyclette 2022&nbsp;| All Rights Reserved<\/p>\n\n\n\n<ul class=\"wp-container-2 wp-block-social-links aligncenter has-large-icon-size has-icon-color is-style-logos-only\"><li style=\"color: #FFFFFF; \" class=\"wp-social-link wp-social-link-instagram wp-block-social-link\"><a href=\"https:\/\/www.instagram.com\/ladietabicyclette\/\" aria-label=\"Instagram\u00a0: https:\/\/www.instagram.com\/ladietabicyclette\/\"  class=\"wp-block-social-link-anchor\"> <svg width=\"24\" height=\"24\" viewBox=\"0 0 24 24\" version=\"1.1\" xmlns=\"http:\/\/www.w3.org\/2000\/svg\" role=\"img\" aria-hidden=\"true\" focusable=\"false\"><path d=\"M12,4.622c2.403,0,2.688,0.009,3.637,0.052c0.877,0.04,1.354,0.187,1.671,0.31c0.42,0.163,0.72,0.358,1.035,0.673 c0.315,0.315,0.51,0.615,0.673,1.035c0.123,0.317,0.27,0.794,0.31,1.671c0.043,0.949,0.052,1.234,0.052,3.637 s-0.009,2.688-0.052,3.637c-0.04,0.877-0.187,1.354-0.31,1.671c-0.163,0.42-0.358,0.72-0.673,1.035 c-0.315,0.315-0.615,0.51-1.035,0.673c-0.317,0.123-0.794,0.27-1.671,0.31c-0.949,0.043-1.233,0.052-3.637,0.052 s-2.688-0.009-3.637-0.052c-0.877-0.04-1.354-0.187-1.671-0.31c-0.42-0.163-0.72-0.358-1.035-0.673 c-0.315-0.315-0.51-0.615-0.673-1.035c-0.123-0.317-0.27-0.794-0.31-1.671C4.631,14.688,4.622,14.403,4.622,12 s0.009-2.688,0.052-3.637c0.04-0.877,0.187-1.354,0.31-1.671c0.163-0.42,0.358-0.72,0.673-1.035 c0.315-0.315,0.615-0.51,1.035-0.673c0.317-0.123,0.794-0.27,1.671-0.31C9.312,4.631,9.597,4.622,12,4.622 M12,3 C9.556,3,9.249,3.01,8.289,3.054C7.331,3.098,6.677,3.25,6.105,3.472C5.513,3.702,5.011,4.01,4.511,4.511 c-0.5,0.5-0.808,1.002-1.038,1.594C3.25,6.677,3.098,7.331,3.054,8.289C3.01,9.249,3,9.556,3,12c0,2.444,0.01,2.751,0.054,3.711 c0.044,0.958,0.196,1.612,0.418,2.185c0.23,0.592,0.538,1.094,1.038,1.594c0.5,0.5,1.002,0.808,1.594,1.038 c0.572,0.222,1.227,0.375,2.185,0.418C9.249,20.99,9.556,21,12,21s2.751-0.01,3.711-0.054c0.958-0.044,1.612-0.196,2.185-0.418 c0.592-0.23,1.094-0.538,1.594-1.038c0.5-0.5,0.808-1.002,1.038-1.594c0.222-0.572,0.375-1.227,0.418-2.185 C20.99,14.751,21,14.444,21,12s-0.01-2.751-0.054-3.711c-0.044-0.958-0.196-1.612-0.418-2.185c-0.23-0.592-0.538-1.094-1.038-1.594 c-0.5-0.5-1.002-0.808-1.594-1.038c-0.572-0.222-1.227-0.375-2.185-0.418C14.751,3.01,14.444,3,12,3L12,3z M12,7.378 c-2.552,0-4.622,2.069-4.622,4.622S9.448,16.622,12,16.622s4.622-2.069,4.622-4.622S14.552,7.378,12,7.378z M12,15 c-1.657,0-3-1.343-3-3s1.343-3,3-3s3,1.343,3,3S13.657,15,12,15z M16.804,6.116c-0.596,0-1.08,0.484-1.08,1.08 s0.484,1.08,1.08,1.08c0.596,0,1.08-0.484,1.08-1.08S17.401,6.116,16.804,6.116z\"><\/path><\/svg><\/a><\/li>\n\n<li style=\"color: #FFFFFF; \" class=\"wp-social-link wp-social-link-youtube wp-block-social-link\"><a href=\"https:\/\/www.youtube.com\/channel\/UCRljEBG3dnwDLLxy7Y5AfLw\" aria-label=\"YouTube\u00a0: https:\/\/www.youtube.com\/channel\/UCRljEBG3dnwDLLxy7Y5AfLw\"  class=\"wp-block-social-link-anchor\"> <svg width=\"24\" height=\"24\" viewBox=\"0 0 24 24\" version=\"1.1\" xmlns=\"http:\/\/www.w3.org\/2000\/svg\" role=\"img\" aria-hidden=\"true\" focusable=\"false\"><path d=\"M21.8,8.001c0,0-0.195-1.378-0.795-1.985c-0.76-0.797-1.613-0.801-2.004-0.847c-2.799-0.202-6.997-0.202-6.997-0.202 h-0.009c0,0-4.198,0-6.997,0.202C4.608,5.216,3.756,5.22,2.995,6.016C2.395,6.623,2.2,8.001,2.2,8.001S2,9.62,2,11.238v1.517 c0,1.618,0.2,3.237,0.2,3.237s0.195,1.378,0.795,1.985c0.761,0.797,1.76,0.771,2.205,0.855c1.6,0.153,6.8,0.201,6.8,0.201 s4.203-0.006,7.001-0.209c0.391-0.047,1.243-0.051,2.004-0.847c0.6-0.607,0.795-1.985,0.795-1.985s0.2-1.618,0.2-3.237v-1.517 C22,9.62,21.8,8.001,21.8,8.001z M9.935,14.594l-0.001-5.62l5.404,2.82L9.935,14.594z\"><\/path><\/svg><\/a><\/li><\/ul>\n<\/div><\/div>\n","protected":false},"excerpt":{"rendered":"<p>Mes cabinets Cabinet situ\u00e9 au 35 rue des hauts pav\u00e9s, 44000 Nantes lundi (9h30-16h30), mardi (9h30-19h30) , jeudi (9h30-18h30) et vendredi (10h \u00e0 20h), samedi (8h \u00e0 14h)<\/p>\n","protected":false},"author":4,"featured_media":0,"parent":0,"menu_order":0,"comment_status":"closed","ping_status":"closed","template":"","meta":{"spay_email":""},"_links":{"self":[{"href":"https:\/\/ladietabicyclette.fr\/index.php?rest_route=\/wp\/v2\/pages\/14865"}],"collection":[{"href":"https:\/\/ladietabicyclette.fr\/index.php?rest_route=\/wp\/v2\/pages"}],"about":[{"href":"https:\/\/ladietabicyclette.fr\/index.php?rest_route=\/wp\/v2\/types\/page"}],"author":[{"embeddable":true,"href":"https:\/\/ladietabicyclette.fr\/index.php?rest_route=\/wp\/v2\/users\/4"}],"replies":[{"embeddable":true,"href":"https:\/\/ladietabicyclette.fr\/index.php?rest_route=%2Fwp%2Fv2%2Fcomments&post=14865"}],"version-history":[{"count":13,"href":"https:\/\/ladietabicyclette.fr\/index.php?rest_route=\/wp\/v2\/pages\/14865\/revisions"}],"predecessor-version":[{"id":15120,"href":"https:\/\/ladietabicyclette.fr\/index.php?rest_route=\/wp\/v2\/pages\/14865\/revisions\/15120"}],"wp:attachment":[{"href":"https:\/\/ladietabicyclette.fr\/index.php?rest_route=%2Fwp%2Fv2%2Fmedia&parent=14865"}],"curies":[{"name":"wp","href":"https:\/\/api.w.org\/{rel}","templated":true}]}}