{"id":14991,"date":"2022-09-23T16:26:43","date_gmt":"2022-09-23T14:26:43","guid":{"rendered":"http:\/\/ladietabicyclette.fr\/?page_id=14991"},"modified":"2024-06-10T16:07:03","modified_gmt":"2024-06-10T14:07:03","slug":"affiches","status":"publish","type":"page","link":"https:\/\/ladietabicyclette.fr\/?page_id=14991","title":{"rendered":"Affiches"},"content":{"rendered":"\n<p>Je r\u00e9alise des illustrations d\u00e9clin\u00e9es sous forme d&rsquo;affiches pour d\u00e9corer votre cabinet, votre bureau ou votre maison et ainsi vous inspirer et accompagner vos prises de conscience. <\/p>\n\n\n\n<p>D\u00e9couvrez les diff\u00e9rents formats disponibles : <\/p>\n\n\n\n<ul><li><strong>Carte postale<\/strong> (2,5\u20ac + frais d&rsquo;envoi)<\/li><li><strong>A4<\/strong> (10\u20ac + frais d&rsquo;envoi)<\/li><li><strong>A3<\/strong> (15\u20ac&nbsp;+ frais d&rsquo;envoi)<\/li><\/ul>\n\n\n\n<figure class=\"wp-block-gallery has-nested-images columns-default is-cropped\">\n<figure class=\"wp-block-image size-large\"><img loading=\"lazy\" width=\"762\" height=\"1024\" data-id=\"14996\"  src=\"http:\/\/ladietabicyclette.fr\/wp-content\/uploads\/2022\/09\/illustration-balance-la-diet-a-bicyclette-nantes-2022-762x1024.png\" alt=\"\" class=\"wp-image-14996\" srcset=\"https:\/\/ladietabicyclette.fr\/wp-content\/uploads\/2022\/09\/illustration-balance-la-diet-a-bicyclette-nantes-2022-762x1024.png 762w, https:\/\/ladietabicyclette.fr\/wp-content\/uploads\/2022\/09\/illustration-balance-la-diet-a-bicyclette-nantes-2022-223x300.png 223w, https:\/\/ladietabicyclette.fr\/wp-content\/uploads\/2022\/09\/illustration-balance-la-diet-a-bicyclette-nantes-2022-768x1032.png 768w, https:\/\/ladietabicyclette.fr\/wp-content\/uploads\/2022\/09\/illustration-balance-la-diet-a-bicyclette-nantes-2022-1143x1536.png 1143w, https:\/\/ladietabicyclette.fr\/wp-content\/uploads\/2022\/09\/illustration-balance-la-diet-a-bicyclette-nantes-2022-600x806.png 600w, https:\/\/ladietabicyclette.fr\/wp-content\/uploads\/2022\/09\/illustration-balance-la-diet-a-bicyclette-nantes-2022.png 1500w\" sizes=\"(max-width: 762px) 100vw, 762px\" \/><figcaption>\u00ab\u00a0La balance mesure une masse mais elle ne mesure ni notre \u00e9tat de bien \u00eatre, ni notre ressenti corporel\u00a0\u00bb<\/figcaption><\/figure>\n\n\n\n<figure class=\"wp-block-image size-large\"><img loading=\"lazy\" width=\"1024\" height=\"1024\" data-id=\"14994\"  src=\"http:\/\/ladietabicyclette.fr\/wp-content\/uploads\/2022\/09\/illustration-velo-la-diet-a-bicyclette-nantes-2022-1024x1024.png\" alt=\"\" class=\"wp-image-14994\" srcset=\"https:\/\/ladietabicyclette.fr\/wp-content\/uploads\/2022\/09\/illustration-velo-la-diet-a-bicyclette-nantes-2022-1024x1024.png 1024w, https:\/\/ladietabicyclette.fr\/wp-content\/uploads\/2022\/09\/illustration-velo-la-diet-a-bicyclette-nantes-2022-300x300.png 300w, https:\/\/ladietabicyclette.fr\/wp-content\/uploads\/2022\/09\/illustration-velo-la-diet-a-bicyclette-nantes-2022-150x150.png 150w, https:\/\/ladietabicyclette.fr\/wp-content\/uploads\/2022\/09\/illustration-velo-la-diet-a-bicyclette-nantes-2022-768x768.png 768w, https:\/\/ladietabicyclette.fr\/wp-content\/uploads\/2022\/09\/illustration-velo-la-diet-a-bicyclette-nantes-2022-450x450.png 450w, https:\/\/ladietabicyclette.fr\/wp-content\/uploads\/2022\/09\/illustration-velo-la-diet-a-bicyclette-nantes-2022-600x600.png 600w, https:\/\/ladietabicyclette.fr\/wp-content\/uploads\/2022\/09\/illustration-velo-la-diet-a-bicyclette-nantes-2022-100x100.png 100w, https:\/\/ladietabicyclette.fr\/wp-content\/uploads\/2022\/09\/illustration-velo-la-diet-a-bicyclette-nantes-2022.png 1500w\" sizes=\"(max-width: 1024px) 100vw, 1024px\" \/><figcaption>\u00ab\u00a0Apprendre \u00e0 \u00e9couter ses sensations, c&rsquo;est comme le v\u00e9lo. Au d\u00e9but tu mets les petites roues et tu essayes&#8230; c&rsquo;est pas \u00e9vident, \u00e7a demande de l&rsquo;entrainement puis \u00e7a devient de plus en plus intuitif\u00a0\u00bb<\/figcaption><\/figure>\n\n\n\n<figure class=\"wp-block-image size-large\"><img loading=\"lazy\" width=\"774\" height=\"1024\" data-id=\"14995\"  src=\"http:\/\/ladietabicyclette.fr\/wp-content\/uploads\/2022\/09\/illustration-plante-la-diet-a-bicyclette-2022-774x1024.png\" alt=\"\" class=\"wp-image-14995\" srcset=\"https:\/\/ladietabicyclette.fr\/wp-content\/uploads\/2022\/09\/illustration-plante-la-diet-a-bicyclette-2022-774x1024.png 774w, https:\/\/ladietabicyclette.fr\/wp-content\/uploads\/2022\/09\/illustration-plante-la-diet-a-bicyclette-2022-227x300.png 227w, https:\/\/ladietabicyclette.fr\/wp-content\/uploads\/2022\/09\/illustration-plante-la-diet-a-bicyclette-2022-768x1016.png 768w, https:\/\/ladietabicyclette.fr\/wp-content\/uploads\/2022\/09\/illustration-plante-la-diet-a-bicyclette-2022-1161x1536.png 1161w, https:\/\/ladietabicyclette.fr\/wp-content\/uploads\/2022\/09\/illustration-plante-la-diet-a-bicyclette-2022-600x794.png 600w, https:\/\/ladietabicyclette.fr\/wp-content\/uploads\/2022\/09\/illustration-plante-la-diet-a-bicyclette-2022.png 1500w\" sizes=\"(max-width: 774px) 100vw, 774px\" \/><figcaption>\u00a0\u00bb Une plante \u00e0 besoin d&rsquo;eau, de soleil et d&rsquo;un peu d&rsquo;attention pour fleurir &#8230; et toi de quoi as-tu besoin ? \u00ab\u00a0<\/figcaption><\/figure>\n\n\n\n<figure class=\"wp-block-image size-large\"><img loading=\"lazy\" width=\"1024\" height=\"1024\" data-id=\"14993\"  src=\"http:\/\/ladietabicyclette.fr\/wp-content\/uploads\/2022\/09\/illustration-petits-pas-la-diet-a-bicyclette-2022-nantes-1024x1024.png\" alt=\"\" class=\"wp-image-14993\" srcset=\"https:\/\/ladietabicyclette.fr\/wp-content\/uploads\/2022\/09\/illustration-petits-pas-la-diet-a-bicyclette-2022-nantes-1024x1024.png 1024w, https:\/\/ladietabicyclette.fr\/wp-content\/uploads\/2022\/09\/illustration-petits-pas-la-diet-a-bicyclette-2022-nantes-300x300.png 300w, https:\/\/ladietabicyclette.fr\/wp-content\/uploads\/2022\/09\/illustration-petits-pas-la-diet-a-bicyclette-2022-nantes-150x150.png 150w, https:\/\/ladietabicyclette.fr\/wp-content\/uploads\/2022\/09\/illustration-petits-pas-la-diet-a-bicyclette-2022-nantes-768x768.png 768w, https:\/\/ladietabicyclette.fr\/wp-content\/uploads\/2022\/09\/illustration-petits-pas-la-diet-a-bicyclette-2022-nantes-450x450.png 450w, https:\/\/ladietabicyclette.fr\/wp-content\/uploads\/2022\/09\/illustration-petits-pas-la-diet-a-bicyclette-2022-nantes-600x600.png 600w, https:\/\/ladietabicyclette.fr\/wp-content\/uploads\/2022\/09\/illustration-petits-pas-la-diet-a-bicyclette-2022-nantes-100x100.png 100w, https:\/\/ladietabicyclette.fr\/wp-content\/uploads\/2022\/09\/illustration-petits-pas-la-diet-a-bicyclette-2022-nantes.png 1500w\" sizes=\"(max-width: 1024px) 100vw, 1024px\" \/><figcaption>\u00ab\u00a0L&rsquo;importance des petits pas\u00a0\u00bb<\/figcaption><\/figure>\n<\/figure>\n\n\n\n<figure class=\"wp-block-gallery has-nested-images columns-default is-cropped\">\n<figure class=\"wp-block-image size-large\"><img loading=\"lazy\" width=\"683\" height=\"1024\" data-id=\"15022\"  src=\"http:\/\/ladietabicyclette.fr\/wp-content\/uploads\/2023\/04\/2-683x1024.png\" alt=\"\" class=\"wp-image-15022\" srcset=\"https:\/\/ladietabicyclette.fr\/wp-content\/uploads\/2023\/04\/2-683x1024.png 683w, https:\/\/ladietabicyclette.fr\/wp-content\/uploads\/2023\/04\/2-200x300.png 200w, https:\/\/ladietabicyclette.fr\/wp-content\/uploads\/2023\/04\/2-768x1152.png 768w, https:\/\/ladietabicyclette.fr\/wp-content\/uploads\/2023\/04\/2-600x900.png 600w, https:\/\/ladietabicyclette.fr\/wp-content\/uploads\/2023\/04\/2.png 1000w\" sizes=\"(max-width: 683px) 100vw, 683px\" \/><figcaption>\u00a0\u00bb On ne peut pas emp\u00eacher les oiseaux noirs de voler au dessus de notre t\u00eate, mais on peut les emp\u00eacher d&rsquo;y faire leur nid\u00a0\u00bb <\/figcaption><\/figure>\n\n\n\n<figure class=\"wp-block-image size-large\"><img loading=\"lazy\" width=\"683\" height=\"1024\" data-id=\"15021\"  src=\"http:\/\/ladietabicyclette.fr\/wp-content\/uploads\/2023\/04\/1-1-683x1024.png\" alt=\"\" class=\"wp-image-15021\" srcset=\"https:\/\/ladietabicyclette.fr\/wp-content\/uploads\/2023\/04\/1-1-683x1024.png 683w, https:\/\/ladietabicyclette.fr\/wp-content\/uploads\/2023\/04\/1-1-200x300.png 200w, https:\/\/ladietabicyclette.fr\/wp-content\/uploads\/2023\/04\/1-1-768x1152.png 768w, https:\/\/ladietabicyclette.fr\/wp-content\/uploads\/2023\/04\/1-1-600x900.png 600w, https:\/\/ladietabicyclette.fr\/wp-content\/uploads\/2023\/04\/1-1.png 1000w\" sizes=\"(max-width: 683px) 100vw, 683px\" \/><figcaption>\u00a0\u00bb Prendre le risque de vivre\u00a0\u00bb<\/figcaption><\/figure>\n<\/figure>\n\n\n\n<figure class=\"wp-block-image size-large\"><img loading=\"lazy\" width=\"683\" height=\"1024\" src=\"http:\/\/ladietabicyclette.fr\/wp-content\/uploads\/2023\/10\/Design-sans-titre-2-683x1024.png\" alt=\"\" class=\"wp-image-15046\" srcset=\"https:\/\/ladietabicyclette.fr\/wp-content\/uploads\/2023\/10\/Design-sans-titre-2-683x1024.png 683w, https:\/\/ladietabicyclette.fr\/wp-content\/uploads\/2023\/10\/Design-sans-titre-2-200x300.png 200w, https:\/\/ladietabicyclette.fr\/wp-content\/uploads\/2023\/10\/Design-sans-titre-2-768x1152.png 768w, https:\/\/ladietabicyclette.fr\/wp-content\/uploads\/2023\/10\/Design-sans-titre-2-600x900.png 600w, https:\/\/ladietabicyclette.fr\/wp-content\/uploads\/2023\/10\/Design-sans-titre-2.png 1000w\" sizes=\"(max-width: 683px) 100vw, 683px\" \/><figcaption>\u00a0\u00bb Nous ne pouvons pas arr\u00eater les vagues mais nous pouvons apprendre \u00e0 les surfer\u00a0\u00bb  _ \u00ab\u00a0Avancer tout droit &#8230; vers tout ce que l&rsquo;on aime\u00a0\u00bb _ \u00a0\u00bb M\u00eame si parfois je souffre, je peux choisir de m&rsquo;accepter de mieux en mieux\u00a0\u00bb<\/figcaption><\/figure>\n\n\n\n<figure class=\"wp-block-image size-full\"><img loading=\"lazy\" width=\"940\" height=\"788\" src=\"http:\/\/ladietabicyclette.fr\/wp-content\/uploads\/2023\/10\/Design-sans-titre.png\" alt=\"affiches TCA et Rapport au corps \" class=\"wp-image-15043\" srcset=\"https:\/\/ladietabicyclette.fr\/wp-content\/uploads\/2023\/10\/Design-sans-titre.png 940w, https:\/\/ladietabicyclette.fr\/wp-content\/uploads\/2023\/10\/Design-sans-titre-300x251.png 300w, https:\/\/ladietabicyclette.fr\/wp-content\/uploads\/2023\/10\/Design-sans-titre-768x644.png 768w, https:\/\/ladietabicyclette.fr\/wp-content\/uploads\/2023\/10\/Design-sans-titre-600x503.png 600w\" sizes=\"(max-width: 940px) 100vw, 940px\" \/><figcaption>\u00ab\u00a0Plut\u00f4t nourrir\u00a0\u00bb \/ \u00ab\u00a0Ce sont vos commentaires sur les corps qui p\u00e8sent lourd sur moi\u00a0\u00bb <\/figcaption><\/figure>\n\n\n\n<figure class=\"wp-block-image size-full\"><img loading=\"lazy\" width=\"864\" height=\"596\" src=\"http:\/\/ladietabicyclette.fr\/wp-content\/uploads\/2024\/06\/Capture-de\u0301cran-2024-06-10-a\u0300-15.51.55.png\" alt=\"\" class=\"wp-image-15089\" srcset=\"https:\/\/ladietabicyclette.fr\/wp-content\/uploads\/2024\/06\/Capture-de\u0301cran-2024-06-10-a\u0300-15.51.55.png 864w, https:\/\/ladietabicyclette.fr\/wp-content\/uploads\/2024\/06\/Capture-de\u0301cran-2024-06-10-a\u0300-15.51.55-300x207.png 300w, https:\/\/ladietabicyclette.fr\/wp-content\/uploads\/2024\/06\/Capture-de\u0301cran-2024-06-10-a\u0300-15.51.55-768x530.png 768w, https:\/\/ladietabicyclette.fr\/wp-content\/uploads\/2024\/06\/Capture-de\u0301cran-2024-06-10-a\u0300-15.51.55-600x414.png 600w\" sizes=\"(max-width: 864px) 100vw, 864px\" \/><figcaption>disponible en carte postale et format A4<\/figcaption><\/figure>\n\n\n\n<p class=\"has-text-align-center\">Si vous souhaitez passer commande, \u00e9crivez-moi un mail \u00e0 <a href=\"mailto:ladietabicyclette@gmail.com\" target=\"_blank\" rel=\"noreferrer noopener\"><strong>ladietabicyclette@gmail.com<\/strong><\/a> , objet: commande affiche <\/p>\n\n\n\n<div class=\"wp-container-1 wp-block-buttons\">\n<div class=\"wp-block-button is-style-fill\"><a class=\"wp-block-button__link has-background\" href=\"mailto:ladietabicyclette@gmail.com\" style=\"background-color:#b66b5f\" target=\"_blank\" rel=\"noreferrer noopener\">Contactez-moi<\/a><\/div>\n<\/div>\n","protected":false},"excerpt":{"rendered":"<p>Je r\u00e9alise des illustrations d\u00e9clin\u00e9es sous forme d&rsquo;affiches pour d\u00e9corer votre cabinet, votre bureau ou votre maison et ainsi vous inspirer et accompagner vos prises de conscience. D\u00e9couvrez les diff\u00e9rents formats disponibles : Carte postale (2,5\u20ac + frais d&rsquo;envoi) A4 (10\u20ac + frais d&rsquo;envoi) A3 (15\u20ac&nbsp;+ frais d&rsquo;envoi) Si vous souhaitez passer commande, \u00e9crivez-moi un&hellip; <a class=\"more-link\" href=\"https:\/\/ladietabicyclette.fr\/?page_id=14991\">Poursuivre la lecture <span class=\"screen-reader-text\">Affiches<\/span><\/a><\/p>\n","protected":false},"author":4,"featured_media":0,"parent":0,"menu_order":0,"comment_status":"closed","ping_status":"closed","template":"","meta":{"spay_email":""},"_links":{"self":[{"href":"https:\/\/ladietabicyclette.fr\/index.php?rest_route=\/wp\/v2\/pages\/14991"}],"collection":[{"href":"https:\/\/ladietabicyclette.fr\/index.php?rest_route=\/wp\/v2\/pages"}],"about":[{"href":"https:\/\/ladietabicyclette.fr\/index.php?rest_route=\/wp\/v2\/types\/page"}],"author":[{"embeddable":true,"href":"https:\/\/ladietabicyclette.fr\/index.php?rest_route=\/wp\/v2\/users\/4"}],"replies":[{"embeddable":true,"href":"https:\/\/ladietabicyclette.fr\/index.php?rest_route=%2Fwp%2Fv2%2Fcomments&post=14991"}],"version-history":[{"count":12,"href":"https:\/\/ladietabicyclette.fr\/index.php?rest_route=\/wp\/v2\/pages\/14991\/revisions"}],"predecessor-version":[{"id":15091,"href":"https:\/\/ladietabicyclette.fr\/index.php?rest_route=\/wp\/v2\/pages\/14991\/revisions\/15091"}],"wp:attachment":[{"href":"https:\/\/ladietabicyclette.fr\/index.php?rest_route=%2Fwp%2Fv2%2Fmedia&parent=14991"}],"curies":[{"name":"wp","href":"https:\/\/api.w.org\/{rel}","templated":true}]}}