{"id":317,"date":"2015-04-16T12:52:51","date_gmt":"2015-04-16T12:52:51","guid":{"rendered":"http:\/\/welfare.cmsmasters.net\/?page_id=317"},"modified":"2022-04-15T19:30:25","modified_gmt":"2022-04-15T17:30:25","slug":"icon-lists","status":"publish","type":"page","link":"https:\/\/ladietabicyclette.fr\/?page_id=317","title":{"rendered":"Vos attentes."},"content":{"rendered":"<p>[cmsmasters_row][cmsmasters_column data_width=\u00a0\u00bb1\/1&Prime;][cmsmasters_text]<\/p>\n<p>&nbsp;<\/p>\n<p>[\/cmsmasters_text][\/cmsmasters_column][\/cmsmasters_row][cmsmasters_row data_shortcode_id=\u00a0\u00bbcam6o6jor\u00a0\u00bb data_width=\u00a0\u00bbboxed\u00a0\u00bb data_top_style=\u00a0\u00bbdefault\u00a0\u00bb data_bot_style=\u00a0\u00bbdefault\u00a0\u00bb data_color=\u00a0\u00bbdefault\u00a0\u00bb data_padding_top=\u00a0\u00bb70&Prime; data_padding_bottom=\u00a0\u00bb45&Prime;][cmsmasters_column data_width=\u00a0\u00bb1\/1&Prime;][cmsmasters_heading shortcode_id=\u00a0\u00bbu4udqbdp4&Prime; type=\u00a0\u00bbh2&Prime; font_weight=\u00a0\u00bbnormal\u00a0\u00bb font_style=\u00a0\u00bbnormal\u00a0\u00bb text_align=\u00a0\u00bbcenter\u00a0\u00bb margin_top=\u00a0\u00bb0&Prime; margin_bottom=\u00a0\u00bb10&Prime; animation_delay=\u00a0\u00bb0&Prime;]Chacun de vous est unique, vos probl\u00e9matiques alimentaires le sont aussi. Mon objectif \u00e0 moi, c\u2019est de vous accompagner. Et vous, quel est votre objectif?[\/cmsmasters_heading][\/cmsmasters_column][\/cmsmasters_row][cmsmasters_row][cmsmasters_column data_width=\u00a0\u00bb1\/1&Prime;][cmsmasters_text]<\/p>\n<p>&nbsp;<\/p>\n<p>[\/cmsmasters_text][\/cmsmasters_column][\/cmsmasters_row][cmsmasters_row data_shortcode_id=\u00a0\u00bba189b50b01&Prime; data_width=\u00a0\u00bbboxed\u00a0\u00bb data_top_style=\u00a0\u00bbdefault\u00a0\u00bb data_bot_style=\u00a0\u00bbdefault\u00a0\u00bb data_color=\u00a0\u00bbdefault\u00a0\u00bb data_padding_top=\u00a0\u00bb0&Prime;][cmsmasters_column data_width=\u00a0\u00bb1\/2&Prime;][cmsmasters_icon_list_items shortcode_id=\u00a0\u00bb20d3876178&Prime; type=\u00a0\u00bbblock\u00a0\u00bb icon_type=\u00a0\u00bbicon\u00a0\u00bb icon_size=\u00a0\u00bb30&Prime; heading=\u00a0\u00bbh3&Prime; icon_space=\u00a0\u00bb80&Prime; items_color_type=\u00a0\u00bbicon\u00a0\u00bb border_width=\u00a0\u00bb1&Prime; border_radius=\u00a0\u00bb50%\u00a0\u00bb unifier_width=\u00a0\u00bb2&Prime; position=\u00a0\u00bbleft\u00a0\u00bb animation_delay=\u00a0\u00bb0&Prime;][cmsmasters_icon_list_item shortcode_id=\u00a0\u00bbb8yx61gpmf\u00a0\u00bb icon=\u00a0\u00bbcmsmasters-icon-street-view\u00a0\u00bb title=\u00a0\u00bbPerdre du poids avec bienveillance\u00a0\u00bb] [\/cmsmasters_icon_list_item][cmsmasters_icon_list_item shortcode_id=\u00a0\u00bbq9oc65mgk\u00a0\u00bb icon=\u00a0\u00bbcmsmasters-icon-thumbs-up-alt\u00a0\u00bb title=\u00a0\u00bbTrouver une alimentation qui correspond \u00e0 mes valeurs et \u00e0 mon rythme de vie\u00a0\u00bb]<br \/>\n[\/cmsmasters_icon_list_item][cmsmasters_icon_list_item shortcode_id=\u00a0\u00bblerwv2acan\u00a0\u00bb icon=\u00a0\u00bbcmsmasters-icon-heartbeat\u00a0\u00bb title=\u00a0\u00bbAvoir des conseils nutritionnels adapt\u00e9s \u00e0 ma pathologie, intol\u00e9rance ou allergie \u00ab\u00a0] [\/cmsmasters_icon_list_item][\/cmsmasters_icon_list_items][\/cmsmasters_column][cmsmasters_column data_width=\u00a0\u00bb1\/2&Prime;][cmsmasters_icon_list_items shortcode_id=\u00a0\u00bb93m02t89k7&Prime; type=\u00a0\u00bbblock\u00a0\u00bb icon_type=\u00a0\u00bbicon\u00a0\u00bb icon_size=\u00a0\u00bb30&Prime; heading=\u00a0\u00bbh3&Prime; icon_space=\u00a0\u00bb80&Prime; items_color_type=\u00a0\u00bbicon\u00a0\u00bb border_width=\u00a0\u00bb1&Prime; border_radius=\u00a0\u00bb50%\u00a0\u00bb unifier_width=\u00a0\u00bb2&Prime; position=\u00a0\u00bbleft\u00a0\u00bb animation_delay=\u00a0\u00bb0&Prime;][cmsmasters_icon_list_item shortcode_id=\u00a0\u00bb93m02t89k7&Prime; icon=\u00a0\u00bbcmsmasters-icon-heart\u00a0\u00bb title=\u00a0\u00bb(re)Trouver un rapport sain avec la nourriture et mon corps\u00a0\u00bb] [\/cmsmasters_icon_list_item][cmsmasters_icon_list_item shortcode_id=\u00a0\u00bb93m02t89k7&Prime; icon=\u00a0\u00bbcmsmasters-icon-transgender-alt\u00a0\u00bb title=\u00a0\u00bbAvoir des conseils pendant ma grossesse, l\u2019allaitement et pour l\u2019alimentation de mes bambins\u00a0\u00bb] [\/cmsmasters_icon_list_item][cmsmasters_icon_list_item shortcode_id=\u00a0\u00bb93m02t89k7&Prime; icon=\u00a0\u00bbcmsmasters-icon-pagelines\u00a0\u00bb title=\u00a0\u00bbAdapter mon alimentation \u00e0 un nouveau challenge ou choix : sportif, arr\u00eat du tabac, v\u00e9ganisme\u2026\u00a0\u00bb] [\/cmsmasters_icon_list_item][\/cmsmasters_icon_list_items][\/cmsmasters_column][\/cmsmasters_row][cmsmasters_row data_width=\u00a0\u00bbboxed\u00a0\u00bb data_padding_left=\u00a0\u00bb3&Prime; data_padding_right=\u00a0\u00bb3&Prime; data_color=\u00a0\u00bbdefault\u00a0\u00bb data_bg_position=\u00a0\u00bbtop center\u00a0\u00bb data_bg_repeat=\u00a0\u00bbno-repeat\u00a0\u00bb data_bg_attachment=\u00a0\u00bbscroll\u00a0\u00bb data_bg_size=\u00a0\u00bbcover\u00a0\u00bb data_bg_parallax_ratio=\u00a0\u00bb0.5&Prime; data_padding_top=\u00a0\u00bb0&Prime; data_padding_bottom=\u00a0\u00bb50&Prime; data_shortcode_id=\u00a0\u00bb3cf3f5989a\u00a0\u00bb][cmsmasters_column data_width=\u00a0\u00bb1\/1&Prime;]<\/p>\n<p>[cmsmasters_divider shortcode_id=\u00a0\u00bb99352fcf2e\u00a0\u00bb width=\u00a0\u00bblong\u00a0\u00bb height=\u00a0\u00bb1&Prime; style=\u00a0\u00bbsolid\u00a0\u00bb position=\u00a0\u00bbcenter\u00a0\u00bb margin_top=\u00a0\u00bb55&Prime; margin_bottom=\u00a0\u00bb25&Prime; animation_delay=\u00a0\u00bb0&Prime;]<\/p>\n<p>[\/cmsmasters_column][\/cmsmasters_row]<\/p>\n","protected":false},"excerpt":{"rendered":"<p>[cmsmasters_row][cmsmasters_column data_width=\u00a0\u00bb1\/1&Prime;][cmsmasters_text] &nbsp; [\/cmsmasters_text][\/cmsmasters_column][\/cmsmasters_row][cmsmasters_row data_shortcode_id=\u00a0\u00bbcam6o6jor\u00a0\u00bb data_width=\u00a0\u00bbboxed\u00a0\u00bb data_top_style=\u00a0\u00bbdefault\u00a0\u00bb data_bot_style=\u00a0\u00bbdefault\u00a0\u00bb data_color=\u00a0\u00bbdefault\u00a0\u00bb data_padding_top=\u00a0\u00bb70&Prime; data_padding_bottom=\u00a0\u00bb45&Prime;][cmsmasters_column data_width=\u00a0\u00bb1\/1&Prime;][cmsmasters_heading shortcode_id=\u00a0\u00bbu4udqbdp4&Prime; type=\u00a0\u00bbh2&Prime; font_weight=\u00a0\u00bbnormal\u00a0\u00bb font_style=\u00a0\u00bbnormal\u00a0\u00bb text_align=\u00a0\u00bbcenter\u00a0\u00bb margin_top=\u00a0\u00bb0&Prime; margin_bottom=\u00a0\u00bb10&Prime; animation_delay=\u00a0\u00bb0&Prime;]Chacun de vous est unique, vos probl\u00e9matiques alimentaires le sont aussi. Mon objectif \u00e0 moi, c\u2019est de vous accompagner. Et vous, quel est votre objectif?[\/cmsmasters_heading][\/cmsmasters_column][\/cmsmasters_row][cmsmasters_row][cmsmasters_column data_width=\u00a0\u00bb1\/1&Prime;][cmsmasters_text] &nbsp; [\/cmsmasters_text][\/cmsmasters_column][\/cmsmasters_row][cmsmasters_row data_shortcode_id=\u00a0\u00bba189b50b01&Prime; data_width=\u00a0\u00bbboxed\u00a0\u00bb data_top_style=\u00a0\u00bbdefault\u00a0\u00bb data_bot_style=\u00a0\u00bbdefault\u00a0\u00bb data_color=\u00a0\u00bbdefault\u00a0\u00bb data_padding_top=\u00a0\u00bb0&Prime;][cmsmasters_column data_width=\u00a0\u00bb1\/2&Prime;][cmsmasters_icon_list_items shortcode_id=\u00a0\u00bb20d3876178&Prime;&hellip; <a class=\"more-link\" href=\"https:\/\/ladietabicyclette.fr\/?page_id=317\">Poursuivre la lecture <span class=\"screen-reader-text\">Vos attentes.<\/span><\/a><\/p>\n","protected":false},"author":1,"featured_media":0,"parent":0,"menu_order":0,"comment_status":"closed","ping_status":"open","template":"","meta":{"spay_email":""},"_links":{"self":[{"href":"https:\/\/ladietabicyclette.fr\/index.php?rest_route=\/wp\/v2\/pages\/317"}],"collection":[{"href":"https:\/\/ladietabicyclette.fr\/index.php?rest_route=\/wp\/v2\/pages"}],"about":[{"href":"https:\/\/ladietabicyclette.fr\/index.php?rest_route=\/wp\/v2\/types\/page"}],"author":[{"embeddable":true,"href":"https:\/\/ladietabicyclette.fr\/index.php?rest_route=\/wp\/v2\/users\/1"}],"replies":[{"embeddable":true,"href":"https:\/\/ladietabicyclette.fr\/index.php?rest_route=%2Fwp%2Fv2%2Fcomments&post=317"}],"version-history":[{"count":19,"href":"https:\/\/ladietabicyclette.fr\/index.php?rest_route=\/wp\/v2\/pages\/317\/revisions"}],"predecessor-version":[{"id":14830,"href":"https:\/\/ladietabicyclette.fr\/index.php?rest_route=\/wp\/v2\/pages\/317\/revisions\/14830"}],"wp:attachment":[{"href":"https:\/\/ladietabicyclette.fr\/index.php?rest_route=%2Fwp%2Fv2%2Fmedia&parent=317"}],"curies":[{"name":"wp","href":"https:\/\/api.w.org\/{rel}","templated":true}]}}