{"id":401,"date":"2015-04-16T14:33:01","date_gmt":"2015-04-16T14:33:01","guid":{"rendered":"http:\/\/welfare.cmsmasters.net\/?page_id=401"},"modified":"2022-04-19T15:47:21","modified_gmt":"2022-04-19T13:47:21","slug":"pricing-tables","status":"publish","type":"page","link":"https:\/\/ladietabicyclette.fr\/?page_id=401","title":{"rendered":"Infos Pratiques."},"content":{"rendered":"<p>[cmsmasters_row data_shortcode_id=\u00a0\u00bby4wypsxm9g\u00a0\u00bb data_width=\u00a0\u00bbboxed\u00a0\u00bb data_top_style=\u00a0\u00bbdefault\u00a0\u00bb data_bot_style=\u00a0\u00bbdefault\u00a0\u00bb data_color=\u00a0\u00bbdefault\u00a0\u00bb data_padding_top=\u00a0\u00bb80&Prime; data_padding_bottom=\u00a0\u00bb80&Prime;][cmsmasters_column data_width=\u00a0\u00bb1\/1&Prime; data_shortcode_id=\u00a0\u00bb7mrkc64y9&Prime;][cmsmasters_heading shortcode_id=\u00a0\u00bbwtyyk0y974&Prime; type=\u00a0\u00bbh2&Prime; font_weight=\u00a0\u00bbdefault\u00a0\u00bb font_style=\u00a0\u00bbdefault\u00a0\u00bb text_align=\u00a0\u00bbleft\u00a0\u00bb margin_top=\u00a0\u00bb0&Prime; margin_bottom=\u00a0\u00bb20&Prime; animation_delay=\u00a0\u00bb0&Prime;]Consultation \u00e0 distance[\/cmsmasters_heading][cmsmasters_button shortcode_id=\u00a0\u00bbu0j61b3suo\u00a0\u00bb button_link=\u00a0\u00bbhttp:\/\/ladietabicyclette.fr\/?page_id=7566&Prime; button_target=\u00a0\u00bbself\u00a0\u00bb button_text_align=\u00a0\u00bbleft\u00a0\u00bb button_font_weight=\u00a0\u00bbdefault\u00a0\u00bb button_font_style=\u00a0\u00bbdefault\u00a0\u00bb button_text_transform=\u00a0\u00bbdefault\u00a0\u00bb button_border_style=\u00a0\u00bbdefault\u00a0\u00bb animation=\u00a0\u00bbbounceInUp\u00a0\u00bb animation_delay=\u00a0\u00bb0&Prime;]C&rsquo;est ici[\/cmsmasters_button]<\/p>\n<p>[cmsmasters_divider width=\u00a0\u00bblong\u00a0\u00bb height=\u00a0\u00bb1&Prime; position=\u00a0\u00bbcenter\u00a0\u00bb margin_top=\u00a0\u00bb50&Prime; margin_bottom=\u00a0\u00bb50&Prime; animation_delay=\u00a0\u00bb0&Prime; shortcode_id=\u00a0\u00bbnrpe1271do\u00a0\u00bb]<\/p>\n<p>[\/cmsmasters_column][\/cmsmasters_row][cmsmasters_row data_shortcode_id=\u00a0\u00bbb4ede9c257&Prime; data_width=\u00a0\u00bbboxed\u00a0\u00bb data_top_style=\u00a0\u00bbdefault\u00a0\u00bb data_bot_style=\u00a0\u00bbdefault\u00a0\u00bb data_color=\u00a0\u00bbdefault\u00a0\u00bb data_padding_top=\u00a0\u00bb80&Prime; data_padding_bottom=\u00a0\u00bb80&Prime;][cmsmasters_column data_width=\u00a0\u00bb1\/1&Prime;][cmsmasters_heading shortcode_id=\u00a0\u00bbs8lgnujgs8&Prime; type=\u00a0\u00bbh2&Prime; font_weight=\u00a0\u00bbdefault\u00a0\u00bb font_style=\u00a0\u00bbdefault\u00a0\u00bb text_align=\u00a0\u00bbleft\u00a0\u00bb margin_top=\u00a0\u00bb0&Prime; margin_bottom=\u00a0\u00bb20&Prime; animation_delay=\u00a0\u00bb0&Prime;]Consultation Individuelle[\/cmsmasters_heading][cmsmasters_text shortcode_id=\u00a0\u00bbj37j6pzh78&Prime; animation_delay=\u00a0\u00bb0&Prime;]<\/p>\n<p style=\"text-align: left;\">Un moment juste pour vous<\/p>\n<p>[\/cmsmasters_text][cmsmasters_pricing_table_items shortcode_id=\u00a0\u00bb4cb0cf71f1&Prime; columns=\u00a0\u00bb2&Prime; animation=\u00a0\u00bbbounceInDown\u00a0\u00bb animation_delay=\u00a0\u00bb0&Prime;][cmsmasters_pricing_table_item shortcode_id=\u00a0\u00bbq7jr615pia\u00a0\u00bb price=\u00a0\u00bb55&Prime; currency=\u00a0\u00bb\u20ac\u00a0\u00bb features=\u00a0\u00bbtitle{cabinet Monselet : mardi, vendredi et samedi au 4 place Anatole France, 44000 Nantes}|link{}|icon{}||title{cabinet 50 otages: le jeudi au 10 Rue des Trois Croissants, 44000 Nantes}|link{}|icon{}\u00a0\u00bb button_show=\u00a0\u00bbtrue\u00a0\u00bb button_title=\u00a0\u00bbR\u00e9servation\u00a0\u00bb button_link=\u00a0\u00bbcalendly.com\/adele-geslin-dieteticienne-nantes\u00a0\u00bb button_target=\u00a0\u00bbblank\u00a0\u00bb button_font_weight=\u00a0\u00bb600&Prime; button_font_style=\u00a0\u00bbnormal\u00a0\u00bb button_border_style=\u00a0\u00bbsolid\u00a0\u00bb]Cabinet [\/cmsmasters_pricing_table_item][cmsmasters_pricing_table_item shortcode_id=\u00a0\u00bblggmw459x\u00a0\u00bb price=\u00a0\u00bb60&Prime; currency=\u00a0\u00bb\u20ac\u00a0\u00bb features=\u00a0\u00bbtitle{Consultations \u00e0 domicile en centre ville Nantais. Vous travaillez en centre-ville, vous n\u2032\u00eates pas Nantais, je vous propose une consultation dans un de nos jolis caf\u00e9s Nantais.}|link{}|icon{}\u00a0\u00bb button_show=\u00a0\u00bbtrue\u00a0\u00bb button_title=\u00a0\u00bbR\u00e9servation\u00a0\u00bb button_link=\u00a0\u00bbcalendly.com\/adele-geslin-dieteticienne-nantes\u00a0\u00bb button_target=\u00a0\u00bbblank\u00a0\u00bb button_font_weight=\u00a0\u00bb600&Prime; button_font_style=\u00a0\u00bbnormal\u00a0\u00bb button_border_style=\u00a0\u00bbsolid\u00a0\u00bb]A domicile et en centre ville[\/cmsmasters_pricing_table_item][\/cmsmasters_pricing_table_items]<\/p>\n<p>[cmsmasters_divider shortcode_id=\u00a0\u00bbezjg525jm\u00a0\u00bb width=\u00a0\u00bblong\u00a0\u00bb height=\u00a0\u00bb1&Prime; position=\u00a0\u00bbcenter\u00a0\u00bb margin_top=\u00a0\u00bb50&Prime; margin_bottom=\u00a0\u00bb50&Prime; animation_delay=\u00a0\u00bb0&Prime;]<\/p>\n<p>[cmsmasters_divider shortcode_id=\u00a0\u00bbw81f9ak3pm\u00a0\u00bb width=\u00a0\u00bblong\u00a0\u00bb height=\u00a0\u00bb1&Prime; position=\u00a0\u00bbcenter\u00a0\u00bb margin_top=\u00a0\u00bb50&Prime; margin_bottom=\u00a0\u00bb50&Prime; animation_delay=\u00a0\u00bb0&Prime;]<\/p>\n<p>[\/cmsmasters_column][\/cmsmasters_row][cmsmasters_row data_shortcode_id=\u00a0\u00bbprstzgb4o\u00a0\u00bb data_width=\u00a0\u00bbboxed\u00a0\u00bb data_top_style=\u00a0\u00bbdefault\u00a0\u00bb data_bot_style=\u00a0\u00bbdefault\u00a0\u00bb data_color=\u00a0\u00bbdefault\u00a0\u00bb data_padding_top=\u00a0\u00bb80&Prime; data_padding_bottom=\u00a0\u00bb80&Prime;][cmsmasters_column data_width=\u00a0\u00bb1\/1&Prime; data_shortcode_id=\u00a0\u00bb4vbrv4ptk\u00a0\u00bb]<\/p>\n<p>[cmsmasters_divider width=\u00a0\u00bblong\u00a0\u00bb height=\u00a0\u00bb1&Prime; position=\u00a0\u00bbcenter\u00a0\u00bb margin_top=\u00a0\u00bb50&Prime; margin_bottom=\u00a0\u00bb50&Prime; animation_delay=\u00a0\u00bb0&Prime; shortcode_id=\u00a0\u00bb4696vptal\u00a0\u00bb]<\/p>\n<p>[cmsmasters_heading shortcode_id=\u00a0\u00bbwzq7sbvav\u00a0\u00bb type=\u00a0\u00bbh2&Prime; font_weight=\u00a0\u00bbdefault\u00a0\u00bb font_style=\u00a0\u00bbdefault\u00a0\u00bb text_align=\u00a0\u00bbleft\u00a0\u00bb margin_top=\u00a0\u00bb0&Prime; margin_bottom=\u00a0\u00bb20&Prime; animation_delay=\u00a0\u00bb0&Prime;]Consultation en duo[\/cmsmasters_heading][cmsmasters_text shortcode_id=\u00a0\u00bbbrp1ynp76&Prime; animation_delay=\u00a0\u00bb0&Prime;]<\/p>\n<p style=\"text-align: left;\">En couple, parents\/enfants, on avance mieux quand on change ses habitudes ensemble.<\/p>\n<p>[\/cmsmasters_text][cmsmasters_pricing_table_items shortcode_id=\u00a0\u00bbk21j79oahe\u00a0\u00bb columns=\u00a0\u00bb2&Prime; animation=\u00a0\u00bbbounceInDown\u00a0\u00bb animation_delay=\u00a0\u00bb0&Prime;][cmsmasters_pricing_table_item shortcode_id=\u00a0\u00bb9d4i36wosm\u00a0\u00bb price=\u00a0\u00bb70&Prime; currency=\u00a0\u00bb\u20ac\u00a0\u00bb features=\u00a0\u00bbtitle{cabinet Monselet: mardi, vendredi &amp; samedi, au 4 place Anatole France, 44000 Nantes}|link{}|icon{}||title{cabinet 50 otages: le jeudi au 10 Rue des Trois Croissants, 44000 Nantes}|link{}|icon{}\u00a0\u00bb button_show=\u00a0\u00bbtrue\u00a0\u00bb button_title=\u00a0\u00bbR\u00e9servation\u00a0\u00bb button_link=\u00a0\u00bbcalendly.com\/adele-geslin-dieteticienne-nantes\u00a0\u00bb button_target=\u00a0\u00bbblank\u00a0\u00bb button_font_weight=\u00a0\u00bb600&Prime; button_font_style=\u00a0\u00bbnormal\u00a0\u00bb button_border_style=\u00a0\u00bbsolid\u00a0\u00bb]Cabinet[\/cmsmasters_pricing_table_item][cmsmasters_pricing_table_item shortcode_id=\u00a0\u00bb1y8d8583kr\u00a0\u00bb price=\u00a0\u00bb75&Prime; currency=\u00a0\u00bb\u20ac\u00a0\u00bb features=\u00a0\u00bbtitle{Consultations \u00e0 domicile en centre ville Nantais. Vous travaillez en centre-ville, vous n\u2032\u00eates pas Nantais, je vous propose une consultation dans un de nos jolis caf\u00e9s Nantais.}|link{}|icon{}\u00a0\u00bb button_show=\u00a0\u00bbtrue\u00a0\u00bb button_title=\u00a0\u00bbR\u00e9servation\u00a0\u00bb button_link=\u00a0\u00bbcalendly.com\/adele-geslin-dieteticienne-nantes\u00a0\u00bb button_target=\u00a0\u00bbblank\u00a0\u00bb button_font_weight=\u00a0\u00bb600&Prime; button_font_style=\u00a0\u00bbnormal\u00a0\u00bb button_border_style=\u00a0\u00bbsolid\u00a0\u00bb]A domicile et en centre ville[\/cmsmasters_pricing_table_item][\/cmsmasters_pricing_table_items][\/cmsmasters_column][\/cmsmasters_row][cmsmasters_row data_shortcode_id=\u00a0\u00bbzdywdso3l3&Prime; data_width=\u00a0\u00bbboxed\u00a0\u00bb data_top_style=\u00a0\u00bbdefault\u00a0\u00bb data_bot_style=\u00a0\u00bbdefault\u00a0\u00bb data_color=\u00a0\u00bbdefault\u00a0\u00bb data_padding_top=\u00a0\u00bb80&Prime; data_padding_bottom=\u00a0\u00bb80&Prime;][cmsmasters_column data_width=\u00a0\u00bb1\/1&Prime; data_shortcode_id=\u00a0\u00bbmz1g0ngbjt\u00a0\u00bb][cmsmasters_heading shortcode_id=\u00a0\u00bbq6ter02ngl\u00a0\u00bb type=\u00a0\u00bbh2&Prime; font_weight=\u00a0\u00bbdefault\u00a0\u00bb font_style=\u00a0\u00bbdefault\u00a0\u00bb text_align=\u00a0\u00bbleft\u00a0\u00bb margin_top=\u00a0\u00bb0&Prime; margin_bottom=\u00a0\u00bb20&Prime; animation_delay=\u00a0\u00bb0&Prime;]Consultation b\u00e9b\u00e9s, enfants[\/cmsmasters_heading][cmsmasters_text shortcode_id=\u00a0\u00bbbs7w4ezgv\u00a0\u00bb animation_delay=\u00a0\u00bb0&Prime;]<\/p>\n<p>Du questionnement des parents, aux probl\u00e9matiques alimentaires des enfants.<\/p>\n<p>[\/cmsmasters_text][cmsmasters_pricing_table_items shortcode_id=\u00a0\u00bb3kpf4f283s\u00a0\u00bb columns=\u00a0\u00bb2&Prime; animation=\u00a0\u00bbbounceInDown\u00a0\u00bb animation_delay=\u00a0\u00bb0&Prime;][cmsmasters_pricing_table_item shortcode_id=\u00a0\u00bbw10hk7rq9&Prime; price=\u00a0\u00bb45&Prime; currency=\u00a0\u00bb\u20ac\u00a0\u00bb features=\u00a0\u00bbtitle{Cabinet Monselet: mardi, vendredi, samedi au 4 place Anatole France, 44000 Nantes}|link{}|icon{}||title{Cabinet 50 otages: au 10 rue des 3 croissants, 44000 Nantes}|link{}|icon{}\u00a0\u00bb button_show=\u00a0\u00bbtrue\u00a0\u00bb button_title=\u00a0\u00bbR\u00e9servation\u00a0\u00bb button_link=\u00a0\u00bbcalendly.com\/adele-geslin-dieteticienne-nantes\u00a0\u00bb button_target=\u00a0\u00bbblank\u00a0\u00bb button_font_weight=\u00a0\u00bb600&Prime; button_font_style=\u00a0\u00bbnormal\u00a0\u00bb button_border_style=\u00a0\u00bbsolid\u00a0\u00bb]Cabinet et visio[\/cmsmasters_pricing_table_item][cmsmasters_pricing_table_item shortcode_id=\u00a0\u00bb7dxb7qo6l\u00a0\u00bb price=\u00a0\u00bb50&Prime; currency=\u00a0\u00bb\u20ac\u00a0\u00bb features=\u00a0\u00bbtitle{Consultations \u00e0 domicile en centre ville Nantais. Nous pouvons \u00e9galement nous rencontrer dans un joli caf\u00e9 Nantais. }|link{}|icon{}\u00a0\u00bb button_show=\u00a0\u00bbtrue\u00a0\u00bb button_title=\u00a0\u00bbR\u00e9servation\u00a0\u00bb button_link=\u00a0\u00bbcalendly.com\/adele-geslin-dieteticienne-nantes\u00a0\u00bb button_target=\u00a0\u00bbblank\u00a0\u00bb button_font_weight=\u00a0\u00bb600&Prime; button_font_style=\u00a0\u00bbnormal\u00a0\u00bb button_border_style=\u00a0\u00bbsolid\u00a0\u00bb]A domicile et en centre ville[\/cmsmasters_pricing_table_item][\/cmsmasters_pricing_table_items][\/cmsmasters_column][\/cmsmasters_row][cmsmasters_row data_shortcode_id=\u00a0\u00bbq4vc8sosab\u00a0\u00bb data_padding_bottom_mobile_v=\u00a0\u00bb0&Prime; data_padding_top_mobile_v=\u00a0\u00bb0&Prime; data_padding_bottom_mobile_h=\u00a0\u00bb0&Prime; data_padding_top_mobile_h=\u00a0\u00bb0&Prime; data_padding_bottom_tablet=\u00a0\u00bb0&Prime; data_padding_top_tablet=\u00a0\u00bb0&Prime; data_padding_bottom_laptop=\u00a0\u00bb0&Prime; data_padding_top_laptop=\u00a0\u00bb0&Prime; data_padding_bottom_large=\u00a0\u00bb0&Prime; data_padding_top_large=\u00a0\u00bb0&Prime; data_padding_bottom=\u00a0\u00bb50&Prime; data_padding_top=\u00a0\u00bb0&Prime; data_bg_parallax_ratio=\u00a0\u00bb0.5&Prime; data_bg_size=\u00a0\u00bbcover\u00a0\u00bb data_bg_attachment=\u00a0\u00bbscroll\u00a0\u00bb data_bg_repeat=\u00a0\u00bbno-repeat\u00a0\u00bb data_bg_position=\u00a0\u00bbtop center\u00a0\u00bb data_color=\u00a0\u00bbdefault\u00a0\u00bb data_bot_style=\u00a0\u00bbdefault\u00a0\u00bb data_top_style=\u00a0\u00bbdefault\u00a0\u00bb data_padding_right=\u00a0\u00bb3&Prime; data_padding_left=\u00a0\u00bb3&Prime; data_width=\u00a0\u00bbboxed\u00a0\u00bb][cmsmasters_column data_width=\u00a0\u00bb1\/1&Prime; data_shortcode_id=\u00a0\u00bb46m3qwda2n\u00a0\u00bb data_animation_delay=\u00a0\u00bb0&Prime; data_border_style=\u00a0\u00bbdefault\u00a0\u00bb data_bg_size=\u00a0\u00bbcover\u00a0\u00bb data_bg_attachment=\u00a0\u00bbscroll\u00a0\u00bb data_bg_repeat=\u00a0\u00bbno-repeat\u00a0\u00bb data_bg_position=\u00a0\u00bbtop center\u00a0\u00bb][cmsmasters_heading shortcode_id=\u00a0\u00bbu5vb2r37qo\u00a0\u00bb type=\u00a0\u00bbh2&Prime; font_weight=\u00a0\u00bbdefault\u00a0\u00bb font_style=\u00a0\u00bbdefault\u00a0\u00bb text_align=\u00a0\u00bbleft\u00a0\u00bb margin_top=\u00a0\u00bb0&Prime; margin_bottom=\u00a0\u00bb20&Prime; animation_delay=\u00a0\u00bb0&Prime;]Pour les professionnels[\/cmsmasters_heading][cmsmasters_simple_icon shortcode_id=\u00a0\u00bbg6mu94dapn\u00a0\u00bb icon=\u00a0\u00bbcmsmasters-icon-food\u00a0\u00bb size=\u00a0\u00bb40&Prime; space=\u00a0\u00bb60&Prime; display=\u00a0\u00bbblock\u00a0\u00bb text_align=\u00a0\u00bbleft\u00a0\u00bb border_width=\u00a0\u00bb0&Prime; border_radius=\u00a0\u00bb50%\u00a0\u00bb title=\u00a0\u00bbRestaurateur : Passez du c\u00f4t\u00e9 \u201chealthy\u201d de la force\u00a0\u00bb animation_delay=\u00a0\u00bb0&Prime;][\/cmsmasters_simple_icon][cmsmasters_simple_icon shortcode_id=\u00a0\u00bbr0adqmnqe\u00a0\u00bb icon=\u00a0\u00bbcmsmasters-icon-child\u00a0\u00bb size=\u00a0\u00bb40&Prime; space=\u00a0\u00bb60&Prime; display=\u00a0\u00bbblock\u00a0\u00bb text_align=\u00a0\u00bbleft\u00a0\u00bb border_width=\u00a0\u00bb0&Prime; border_radius=\u00a0\u00bb50%\u00a0\u00bb title=\u00a0\u00bbScolaire : Des ateliers pour apprendre \u00e0 bien manger\u00a0\u00bb animation_delay=\u00a0\u00bb0&Prime;][\/cmsmasters_simple_icon][cmsmasters_simple_icon shortcode_id=\u00a0\u00bbwlyx2m5k98&Prime; icon=\u00a0\u00bbcmsmasters-icon-stackexchange\u00a0\u00bb size=\u00a0\u00bb40&Prime; space=\u00a0\u00bb60&Prime; display=\u00a0\u00bbblock\u00a0\u00bb text_align=\u00a0\u00bbleft\u00a0\u00bb border_width=\u00a0\u00bb0&Prime; border_radius=\u00a0\u00bb50%\u00a0\u00bb title=\u00a0\u00bbEv\u00e9nements : Intervention dans les salons, rencontres ou forum\u00a0\u00bb animation_delay=\u00a0\u00bb0&Prime;][\/cmsmasters_simple_icon][cmsmasters_simple_icon shortcode_id=\u00a0\u00bbs865zwp5kr\u00a0\u00bb icon=\u00a0\u00bbcmsmasters-icon-briefcase\u00a0\u00bb size=\u00a0\u00bb40&Prime; space=\u00a0\u00bb60&Prime; display=\u00a0\u00bbblock\u00a0\u00bb text_align=\u00a0\u00bbleft\u00a0\u00bb border_width=\u00a0\u00bb0&Prime; border_radius=\u00a0\u00bb50%\u00a0\u00bb title=\u00a0\u00bbCE : Chouchoutez vos Employ\u00e9s\u00a0\u00bb animation_delay=\u00a0\u00bb0&Prime;][\/cmsmasters_simple_icon][cmsmasters_button shortcode_id=\u00a0\u00bbmj0iu4obe5&Prime; button_link=\u00a0\u00bbhttp:\/\/ladietabicyclette.fr\/?page_id=11843&Prime; button_target=\u00a0\u00bbself\u00a0\u00bb button_text_align=\u00a0\u00bbcenter\u00a0\u00bb button_font_weight=\u00a0\u00bbdefault\u00a0\u00bb button_font_style=\u00a0\u00bbdefault\u00a0\u00bb button_text_transform=\u00a0\u00bbdefault\u00a0\u00bb button_border_style=\u00a0\u00bbdefault\u00a0\u00bb animation_delay=\u00a0\u00bb0&Prime;]Faire une demande de devis[\/cmsmasters_button]<\/p>\n<p>[cmsmasters_divider width=\u00a0\u00bblong\u00a0\u00bb height=\u00a0\u00bb1&Prime; position=\u00a0\u00bbcenter\u00a0\u00bb margin_top=\u00a0\u00bb50&Prime; margin_bottom=\u00a0\u00bb50&Prime; animation_delay=\u00a0\u00bb0&Prime; shortcode_id=\u00a0\u00bbwxn7xohxh\u00a0\u00bb]<\/p>\n<p>[\/cmsmasters_column][\/cmsmasters_row][cmsmasters_row data_width=\u00a0\u00bbboxed\u00a0\u00bb data_padding_left=\u00a0\u00bb3&Prime; data_padding_right=\u00a0\u00bb3&Prime; data_top_style=\u00a0\u00bbdefault\u00a0\u00bb data_bot_style=\u00a0\u00bbdefault\u00a0\u00bb data_color=\u00a0\u00bbdefault\u00a0\u00bb data_bg_position=\u00a0\u00bbtop center\u00a0\u00bb data_bg_repeat=\u00a0\u00bbno-repeat\u00a0\u00bb data_bg_attachment=\u00a0\u00bbscroll\u00a0\u00bb data_bg_size=\u00a0\u00bbcover\u00a0\u00bb data_bg_parallax_ratio=\u00a0\u00bb0.5&Prime; data_padding_top=\u00a0\u00bb0&Prime; data_padding_bottom=\u00a0\u00bb50&Prime; data_padding_top_large=\u00a0\u00bb0&Prime; data_padding_bottom_large=\u00a0\u00bb0&Prime; data_padding_top_laptop=\u00a0\u00bb0&Prime; data_padding_bottom_laptop=\u00a0\u00bb0&Prime; data_padding_top_tablet=\u00a0\u00bb0&Prime; data_padding_bottom_tablet=\u00a0\u00bb0&Prime; data_padding_top_mobile_h=\u00a0\u00bb0&Prime; data_padding_bottom_mobile_h=\u00a0\u00bb0&Prime; data_padding_top_mobile_v=\u00a0\u00bb0&Prime; data_padding_bottom_mobile_v=\u00a0\u00bb0&Prime; data_shortcode_id=\u00a0\u00bbrz0umaeyk\u00a0\u00bb][cmsmasters_column data_width=\u00a0\u00bb1\/3&Prime; data_bg_position=\u00a0\u00bbtop center\u00a0\u00bb data_bg_repeat=\u00a0\u00bbno-repeat\u00a0\u00bb data_bg_attachment=\u00a0\u00bbscroll\u00a0\u00bb data_bg_size=\u00a0\u00bbcover\u00a0\u00bb data_border_style=\u00a0\u00bbdefault\u00a0\u00bb data_animation_delay=\u00a0\u00bb0&Prime; data_shortcode_id=\u00a0\u00bbr1tvfb0xsn\u00a0\u00bb][cmsmasters_heading shortcode_id=\u00a0\u00bbu37ahh50bk\u00a0\u00bb type=\u00a0\u00bbh3&Prime; font_weight=\u00a0\u00bbdefault\u00a0\u00bb font_style=\u00a0\u00bbdefault\u00a0\u00bb text_align=\u00a0\u00bbleft\u00a0\u00bb margin_top=\u00a0\u00bb0&Prime; margin_bottom=\u00a0\u00bb20&Prime; animation_delay=\u00a0\u00bb0&Prime;]Zone pour les domiciles[\/cmsmasters_heading][cmsmasters_image shortcode_id=\u00a0\u00bbvy7ag8ctze\u00a0\u00bb align=\u00a0\u00bbnone\u00a0\u00bb animation_delay=\u00a0\u00bb0&Prime;]14646|http:\/\/ladietabicyclette.fr\/wp-content\/uploads\/2020\/10\/1-2.png|full[\/cmsmasters_image][\/cmsmasters_column][cmsmasters_column data_width=\u00a0\u00bb1\/3&Prime; data_shortcode_id=\u00a0\u00bb7x5xh6tuwn\u00a0\u00bb][cmsmasters_heading shortcode_id=\u00a0\u00bbtjytvo260t\u00a0\u00bb type=\u00a0\u00bbh3&Prime; font_weight=\u00a0\u00bbdefault\u00a0\u00bb font_style=\u00a0\u00bbdefault\u00a0\u00bb text_align=\u00a0\u00bbleft\u00a0\u00bb margin_top=\u00a0\u00bb0&Prime; margin_bottom=\u00a0\u00bb20&Prime; animation_delay=\u00a0\u00bb0&Prime;]Le cabinet Monselet[\/cmsmasters_heading][cmsmasters_image shortcode_id=\u00a0\u00bbshu3010b34&Prime; align=\u00a0\u00bbnone\u00a0\u00bb animation_delay=\u00a0\u00bb0&Prime;]14647|http:\/\/ladietabicyclette.fr\/wp-content\/uploads\/2020\/10\/2-2.png|full[\/cmsmasters_image][\/cmsmasters_column][cmsmasters_column data_width=\u00a0\u00bb1\/3&Prime; data_shortcode_id=\u00a0\u00bb3rc4qrp1d8&Prime;][cmsmasters_heading shortcode_id=\u00a0\u00bb89z7jcxsyh\u00a0\u00bb type=\u00a0\u00bbh3&Prime; font_weight=\u00a0\u00bbdefault\u00a0\u00bb font_style=\u00a0\u00bbdefault\u00a0\u00bb text_align=\u00a0\u00bbleft\u00a0\u00bb margin_top=\u00a0\u00bb0&Prime; margin_bottom=\u00a0\u00bb20&Prime; animation_delay=\u00a0\u00bb0&Prime;]Le cabinet 50 otages[\/cmsmasters_heading][cmsmasters_image shortcode_id=\u00a0\u00bbk7ghctgrqk\u00a0\u00bb align=\u00a0\u00bbnone\u00a0\u00bb animation_delay=\u00a0\u00bb0&Prime;]14719|http:\/\/ladietabicyclette.fr\/wp-content\/uploads\/2020\/12\/Capture-d\u2019e\u0301cran-2020-12-19-a\u0300-23.34.45.png|full[\/cmsmasters_image][\/cmsmasters_column][\/cmsmasters_row]<\/p>\n","protected":false},"excerpt":{"rendered":"<p>[cmsmasters_row data_shortcode_id=\u00a0\u00bby4wypsxm9g\u00a0\u00bb data_width=\u00a0\u00bbboxed\u00a0\u00bb data_top_style=\u00a0\u00bbdefault\u00a0\u00bb data_bot_style=\u00a0\u00bbdefault\u00a0\u00bb data_color=\u00a0\u00bbdefault\u00a0\u00bb data_padding_top=\u00a0\u00bb80&Prime; data_padding_bottom=\u00a0\u00bb80&Prime;][cmsmasters_column data_width=\u00a0\u00bb1\/1&Prime; data_shortcode_id=\u00a0\u00bb7mrkc64y9&Prime;][cmsmasters_heading shortcode_id=\u00a0\u00bbwtyyk0y974&Prime; type=\u00a0\u00bbh2&Prime; font_weight=\u00a0\u00bbdefault\u00a0\u00bb font_style=\u00a0\u00bbdefault\u00a0\u00bb text_align=\u00a0\u00bbleft\u00a0\u00bb margin_top=\u00a0\u00bb0&Prime; margin_bottom=\u00a0\u00bb20&Prime; animation_delay=\u00a0\u00bb0&Prime;]Consultation \u00e0 distance[\/cmsmasters_heading][cmsmasters_button shortcode_id=\u00a0\u00bbu0j61b3suo\u00a0\u00bb button_link=\u00a0\u00bbhttp:\/\/ladietabicyclette.fr\/?page_id=7566&Prime; button_target=\u00a0\u00bbself\u00a0\u00bb button_text_align=\u00a0\u00bbleft\u00a0\u00bb button_font_weight=\u00a0\u00bbdefault\u00a0\u00bb button_font_style=\u00a0\u00bbdefault\u00a0\u00bb button_text_transform=\u00a0\u00bbdefault\u00a0\u00bb button_border_style=\u00a0\u00bbdefault\u00a0\u00bb animation=\u00a0\u00bbbounceInUp\u00a0\u00bb animation_delay=\u00a0\u00bb0&Prime;]C&rsquo;est ici[\/cmsmasters_button] [cmsmasters_divider width=\u00a0\u00bblong\u00a0\u00bb height=\u00a0\u00bb1&Prime; position=\u00a0\u00bbcenter\u00a0\u00bb margin_top=\u00a0\u00bb50&Prime; margin_bottom=\u00a0\u00bb50&Prime; animation_delay=\u00a0\u00bb0&Prime; shortcode_id=\u00a0\u00bbnrpe1271do\u00a0\u00bb] [\/cmsmasters_column][\/cmsmasters_row][cmsmasters_row data_shortcode_id=\u00a0\u00bbb4ede9c257&Prime; data_width=\u00a0\u00bbboxed\u00a0\u00bb data_top_style=\u00a0\u00bbdefault\u00a0\u00bb data_bot_style=\u00a0\u00bbdefault\u00a0\u00bb data_color=\u00a0\u00bbdefault\u00a0\u00bb data_padding_top=\u00a0\u00bb80&Prime; data_padding_bottom=\u00a0\u00bb80&Prime;][cmsmasters_column data_width=\u00a0\u00bb1\/1&Prime;][cmsmasters_heading shortcode_id=\u00a0\u00bbs8lgnujgs8&Prime; type=\u00a0\u00bbh2&Prime; font_weight=\u00a0\u00bbdefault\u00a0\u00bb font_style=\u00a0\u00bbdefault\u00a0\u00bb text_align=\u00a0\u00bbleft\u00a0\u00bb margin_top=\u00a0\u00bb0&Prime; margin_bottom=\u00a0\u00bb20&Prime;&hellip; <a class=\"more-link\" href=\"https:\/\/ladietabicyclette.fr\/?page_id=401\">Poursuivre la lecture <span class=\"screen-reader-text\">Infos Pratiques.<\/span><\/a><\/p>\n","protected":false},"author":1,"featured_media":0,"parent":0,"menu_order":0,"comment_status":"closed","ping_status":"open","template":"","meta":{"spay_email":""},"_links":{"self":[{"href":"https:\/\/ladietabicyclette.fr\/index.php?rest_route=\/wp\/v2\/pages\/401"}],"collection":[{"href":"https:\/\/ladietabicyclette.fr\/index.php?rest_route=\/wp\/v2\/pages"}],"about":[{"href":"https:\/\/ladietabicyclette.fr\/index.php?rest_route=\/wp\/v2\/types\/page"}],"author":[{"embeddable":true,"href":"https:\/\/ladietabicyclette.fr\/index.php?rest_route=\/wp\/v2\/users\/1"}],"replies":[{"embeddable":true,"href":"https:\/\/ladietabicyclette.fr\/index.php?rest_route=%2Fwp%2Fv2%2Fcomments&post=401"}],"version-history":[{"count":40,"href":"https:\/\/ladietabicyclette.fr\/index.php?rest_route=\/wp\/v2\/pages\/401\/revisions"}],"predecessor-version":[{"id":14864,"href":"https:\/\/ladietabicyclette.fr\/index.php?rest_route=\/wp\/v2\/pages\/401\/revisions\/14864"}],"wp:attachment":[{"href":"https:\/\/ladietabicyclette.fr\/index.php?rest_route=%2Fwp%2Fv2%2Fmedia&parent=401"}],"curies":[{"name":"wp","href":"https:\/\/api.w.org\/{rel}","templated":true}]}}